{"id":244,"date":"2023-12-18T12:48:07","date_gmt":"2023-12-18T11:48:07","guid":{"rendered":"https:\/\/djohar-feddi.fr\/?page_id=244"},"modified":"2025-02-01T11:37:31","modified_gmt":"2025-02-01T10:37:31","slug":"mentions-legales","status":"publish","type":"page","link":"https:\/\/djohar-feddi.fr\/index.php\/mentions-legales\/","title":{"rendered":"MENTIONS LEGALES"},"content":{"rendered":"<p>[et_pb_section fb_built=\u00a0\u00bb1&Prime; _builder_version=\u00a0\u00bb4.23.1&Prime; _module_preset=\u00a0\u00bbdefault\u00a0\u00bb global_colors_info=\u00a0\u00bb{}\u00a0\u00bb][et_pb_row _builder_version=\u00a0\u00bb4.23.1&Prime; _module_preset=\u00a0\u00bbdefault\u00a0\u00bb hover_enabled=\u00a0\u00bb0&Prime; global_colors_info=\u00a0\u00bb{}\u00a0\u00bb sticky_enabled=\u00a0\u00bb0&Prime;][et_pb_column type=\u00a0\u00bb4_4&Prime; _builder_version=\u00a0\u00bb4.23.1&Prime; _module_preset=\u00a0\u00bbdefault\u00a0\u00bb global_colors_info=\u00a0\u00bb{}\u00a0\u00bb][et_pb_text _builder_version=\u00a0\u00bb4.23.1&Prime; _module_preset=\u00a0\u00bbdefault\u00a0\u00bb global_colors_info=\u00a0\u00bb{}\u00a0\u00bb]<\/p>\n<p><span style=\"color: #000000;\">CREDITS<\/span><br \/><span style=\"color: #999999;\">Design &amp; R\u00e9alisation du site\u00a0 <\/span><a href=\"http:\/\/www.maisontristram.fr\/\" target=\"_blank\" rel=\"noopener\">www.maisontristram.fr<\/a><\/p>\n<p>[\/et_pb_text][et_pb_text _builder_version=\u00a0\u00bb4.23.1&Prime; _module_preset=\u00a0\u00bbdefault\u00a0\u00bb text_text_color=\u00a0\u00bb#000000&Prime; header_3_font=\u00a0\u00bbMontserrat||||||||\u00a0\u00bb global_colors_info=\u00a0\u00bb{}\u00a0\u00bb]<\/p>\n<p>MENTIONS L\u00c9GALES ET POLITIQUE DE CONFIDENTIALIT\u00c9<\/p>\n<p><span style=\"color: #999999;\">Djohar Feddi, praticienne en Energ\u00e9tique Traditionnelle Chinoise, est soucieuse des droits des individus, notamment au regard des traitements automatis\u00e9s, et dans une volont\u00e9 de transparence avec ses clients, a mis en place une politique de confidentialit\u00e9 reprenant l\u2019ensemble de ces traitements, des finalit\u00e9s poursuivies par ces derniers ainsi que des moyens d\u2019actions \u00e0 la disposition des individus afin qu\u2019ils puissent au mieux exercer leurs droits.<\/span><\/p>\n<p><span style=\"color: #999999;\">Pour toute information compl\u00e9mentaire sur la protection des donn\u00e9es personnelles, nous vous invitons \u00e0 consulter le site de la CNIL en cliquant\u00a0<span style=\"text-decoration: underline;\"><a href=\"https:\/\/www.cnil.fr\/fr\/particulier\/\" style=\"color: #999999; text-decoration: underline;\">ici<\/a>.<\/span><\/span><\/p>\n<p><span style=\"color: #999999;\">La poursuite de la navigation sur ce site vaut acceptation sans r\u00e9serve des dispositions et conditions d\u2019utilisation qui suivent. La version actuellement en ligne de ces conditions d\u2019utilisation est la seule opposable pendant toute la dur\u00e9e d\u2019utilisation du site et jusqu\u2019\u00e0 ce qu\u2019une nouvelle version la remplace.<\/span><\/p>\n<p>[\/et_pb_text][et_pb_text _builder_version=\u00a0\u00bb4.23.1&Prime; _module_preset=\u00a0\u00bbdefault\u00a0\u00bb text_text_color=\u00a0\u00bb#000000&Prime; header_3_font=\u00a0\u00bbMontserrat||||||||\u00a0\u00bb custom_padding=\u00a0\u00bb||7px|||\u00a0\u00bb hover_enabled=\u00a0\u00bb0&Prime; global_colors_info=\u00a0\u00bb{}\u00a0\u00bb sticky_enabled=\u00a0\u00bb0&Prime;]<\/p>\n<div class=\"div-block-35\">\n<p><em><span class=\"text-span-17\">ARTICLE 1 \u2013 MENTIONS L\u00c9GALES ET CONTENU DU SITE<\/span><\/em><\/p>\n<p><span style=\"color: #999999;\">Le contenu de ce site est fourni par\u202f:<\/span><\/p>\n<p><span style=\"color: #999999;\">Djohar Feddi<\/span><br \/><span style=\"color: #999999;\">N\u00b0 SIRET : 44773882400088<\/span><br \/><span style=\"color: #999999;\">897 Avenue de la R\u00e9publique 59700 Marcq en Baroeul<\/span><br \/><span style=\"color: #999999;\">06 17 21 43 13<\/span><br \/><span style=\"color: #999999;\">djoharfeddi.mtc@gmail.com<\/span><\/p>\n<p><span class=\"text-span-18\" style=\"color: #000000;\">DIRECTEUR DE LA PUBLICATION<\/span><\/p>\n<p><span style=\"color: #999999;\">Djohar Feddi<\/span><br \/><span style=\"color: #999999;\">Email\u202f: djoharfeddi.mtc@gmail.com<\/span><\/p>\n<p><span class=\"text-span-19\" style=\"color: #000000;\">H\u00c9BERGEMENT<\/span><\/p>\n<p><span style=\"color: #999999;\">Ce site est h\u00e9berg\u00e9 par <span>est he\u0301berge\u0301 par HOSTINGER, dont le sie\u0300ge social est situe\u0301 HOSTINGER INTERNATIONAL LTD, 61 Lordou Vironos Street, 6023 Larnaca, Chypre<\/span><span>, joignable par le moyen suivant \u00a0<a href=\"https:\/\/www.hostinger.fr\/contact\" target=\"_blank\" rel=\"noopener\">https:\/\/www.hostinger.fr\/contact<\/a>.<\/span><\/span><\/p>\n<\/div>\n<p>[\/et_pb_text][et_pb_text _builder_version=\u00a0\u00bb4.23.1&Prime; _module_preset=\u00a0\u00bbdefault\u00a0\u00bb text_text_color=\u00a0\u00bb#000000&Prime; header_3_font=\u00a0\u00bbMontserrat||||||||\u00a0\u00bb custom_padding=\u00a0\u00bb||7px|||\u00a0\u00bb global_colors_info=\u00a0\u00bb{}\u00a0\u00bb]<\/p>\n<div class=\"div-block-35\">\n<p><em>ARTICLE 2 \u2013 GESTION DU SITE<\/em><\/p>\n<p><span style=\"color: #999999;\">Pour la bonne gestion du site, l\u2019\u00e9diteur pourra \u00e0 tout moment\u202f:<\/span><br \/><span style=\"color: #999999;\">&#8211; suspendre, interrompre ou limiter l\u2019acc\u00e8s \u00e0 tout ou partie du site, r\u00e9server l\u2019acc\u00e8s au site, ou \u00e0 certaines parties du site, \u00e0 une cat\u00e9gorie d\u00e9termin\u00e9e d\u2019internautes<\/span><br \/><span style=\"color: #999999;\">&#8211; supprimer toute information pouvant en perturber le fonctionnement ou entrant en contravention avec les lois nationales ou internationales ou encore avec les r\u00e8gles de la N\u00e9tiquette,<\/span><br \/><span style=\"color: #999999;\">&#8211; suspendre le site afin de proc\u00e9der \u00e0 des mises \u00e0 jour.<span><\/span><\/span><\/p>\n<\/div>\n<p>[\/et_pb_text][et_pb_text _builder_version=\u00a0\u00bb4.23.1&Prime; _module_preset=\u00a0\u00bbdefault\u00a0\u00bb text_text_color=\u00a0\u00bb#000000&Prime; header_3_font=\u00a0\u00bbMontserrat||||||||\u00a0\u00bb custom_padding=\u00a0\u00bb||7px|||\u00a0\u00bb global_colors_info=\u00a0\u00bb{}\u00a0\u00bb]<\/p>\n<div class=\"div-block-35\">\n<p><em>ARTICLE 3 \u2013 PROPRI\u00c9T\u00c9 INTELLECTUELLE<\/em><\/p>\n<p><span style=\"color: #999999;\">Toutes les informations reproduites sur ce site (textes, photos, illustrations\u2026) sont prot\u00e9g\u00e9es par des droits de propri\u00e9t\u00e9 intellectuelle d\u00e9tenus par Djohar Feddi. Par cons\u00e9quent, aucune de ces informations ne peut \u00eatre reproduite, modifi\u00e9e, rediffus\u00e9e, traduite, exploit\u00e9e commercialement ou r\u00e9utilis\u00e9e de quelque mani\u00e8re que ce soit sans l\u2019accord pr\u00e9alable et \u00e9crit de Djohar Feddi. Le fait pour l\u2019\u00e9diteur de ne pas engager de proc\u00e9dure d\u00e8s la prise de connaissance de ces utilisations non autoris\u00e9es ne vaut pas acceptation desdites utilisations et renonciation aux poursuites.<\/span><br \/><span style=\"color: #999999;\">\u200d<\/span><br \/><span style=\"color: #999999;\">Cr\u00e9dits Photos : Unsplash\/ Adobe Stock\/ Pexels \/ Shutterstock<\/span><\/p>\n<\/div>\n<p>[\/et_pb_text][et_pb_text _builder_version=\u00a0\u00bb4.23.1&Prime; _module_preset=\u00a0\u00bbdefault\u00a0\u00bb text_text_color=\u00a0\u00bb#000000&Prime; header_3_font=\u00a0\u00bbMontserrat||||||||\u00a0\u00bb custom_padding=\u00a0\u00bb||7px|||\u00a0\u00bb global_colors_info=\u00a0\u00bb{}\u00a0\u00bb]<\/p>\n<div class=\"div-block-35\">\n<p><em>ARTICLE 4 \u2013 LIENS HYPERTEXTES<\/em><\/p>\n<p><span style=\"color: #999999;\">Ce site propose des liens vers d\u2019autres sites. Nous ne sommes responsables ni de leur respect aux normes d\u2019ordre public ni de leur politique de protection des donn\u00e9es personnelles ou d\u2019utilisation qui en seraient faites. De ce fait, en acc\u00e9dant \u00e0 un autre site par l\u2019interm\u00e9diaire d\u2019un lien hypertexte, vous en acceptez les cons\u00e9quences et ce sans engager la responsabilit\u00e9 de Djohar Feddi.<\/span><\/p>\n<\/div>\n<p>[\/et_pb_text][et_pb_text _builder_version=\u00a0\u00bb4.23.1&Prime; _module_preset=\u00a0\u00bbdefault\u00a0\u00bb text_text_color=\u00a0\u00bb#000000&Prime; header_3_font=\u00a0\u00bbMontserrat||||||||\u00a0\u00bb custom_padding=\u00a0\u00bb||7px|||\u00a0\u00bb global_colors_info=\u00a0\u00bb{}\u00a0\u00bb]<\/p>\n<div class=\"div-block-35\">\n<p><em>ARTICLE 5 \u2013 RESPONSABILIT\u00c9S<\/em><\/p>\n<p><span style=\"color: #999999;\">La responsabilit\u00e9 de l\u2019\u00e9diteur ne peut \u00eatre engag\u00e9e en cas de d\u00e9faillance, panne, difficult\u00e9 ou interruption de fonctionnement, emp\u00eachant l\u2019acc\u00e8s au site ou \u00e0 certaines de ses fonctionnalit\u00e9s.<\/span><\/p>\n<p><span style=\"color: #999999;\">Le mat\u00e9riel de connexion au site que vous utilisez est sous votre enti\u00e8re responsabilit\u00e9. Vous devez prendre toutes les mesures appropri\u00e9es pour prot\u00e9ger votre mat\u00e9riel et vos propres donn\u00e9es notamment d\u2019attaques virales par Internet. Vous \u00eates par ailleurs seul responsable des sites et donn\u00e9es que vous consultez.<\/span><\/p>\n<p><span style=\"color: #999999;\">L\u2019\u00e9diteur ne pourra \u00eatre tenu responsable en cas de poursuites judiciaires \u00e0 votre encontre\u202f:<\/span><\/p>\n<p><span style=\"color: #999999;\">&#8211; du fait de l\u2019usage du site ou tout service accessible via Internet\u202f;<\/span><br \/><span style=\"color: #999999;\">&#8211; du fait du non-respect par vous des pr\u00e9sentes conditions g\u00e9n\u00e9rales.<\/span><\/p>\n<p><span style=\"color: #999999;\">L\u2019\u00e9diteur ne pourra \u00eatre tenu responsable des dommages caus\u00e9s \u00e0 vous-m\u00eame, \u00e0 des tiers ou \u00e0 votre \u00e9quipement du fait de votre connexion ou de votre utilisation du site et vous renoncez \u00e0 toute action contre lui de ce fait.<\/span><\/p>\n<\/div>\n<p>[\/et_pb_text][et_pb_text _builder_version=\u00a0\u00bb4.23.1&Prime; _module_preset=\u00a0\u00bbdefault\u00a0\u00bb text_text_color=\u00a0\u00bb#000000&Prime; header_3_font=\u00a0\u00bbMontserrat||||||||\u00a0\u00bb custom_padding=\u00a0\u00bb||7px|||\u00a0\u00bb global_colors_info=\u00a0\u00bb{}\u00a0\u00bb]<\/p>\n<div class=\"div-block-35\">\n<p><em>ARTICLE 6 \u2013 COLLECTE ET PROTECTION DES DONN\u00c9ES<\/em><\/p>\n<p><span style=\"color: #999999;\">D\u2019une mani\u00e8re g\u00e9n\u00e9rale, il vous est possible de visiter le site https:\/\/www.djohar-feddi.fr sans communiquer aucune information personnelle vous concernant. Les informations personnelles pouvant \u00eatre recueillies sur le site sont utilis\u00e9es par l\u2019\u00e9diteur pour la gestion des relations avec vous ou l\u2019envoi de newsletters.<\/span><\/p>\n<p><span style=\"color: #999999;\">Il y a deux types de donn\u00e9es personnelles collect\u00e9es par Djohar Feddi :<\/span><br \/><span style=\"color: #999999;\">\u200d<\/span><br \/><span style=\"color: #999999;\">&#8211; Les donn\u00e9es transmises directement<\/span><br \/><em><span style=\"color: #999999;\">Ces donn\u00e9es sont celles que vous nous transmettez directement, via un formulaire de contact ou bien par contact direct par email. Sont obligatoires dans le formulaire de contact le champs \u00ab pr\u00e9nom et nom \u00bb, \u00ab entreprise ou organisation \u00bb, \u00abt\u00e9l\u00e9phone\u00bb \u00a0et \u00ab email \u00bb.<\/span><\/em><\/p>\n<p><span style=\"color: #999999;\">&#8211; Les donn\u00e9es collect\u00e9es automatiquement<\/span><br \/><em><span style=\"color: #999999;\">Lors de vos visites, une fois votre consentement donn\u00e9, nous pouvons recueillir des informations de type \u00ab web analytics \u00bb relatives \u00e0 votre navigation, la dur\u00e9e de votre consultation, votre adresse IP, votre type et version de navigateur. La technologie utilis\u00e9e est le cookie.<\/span><\/em><\/p>\n<\/div>\n<p>[\/et_pb_text][et_pb_text _builder_version=\u00a0\u00bb4.23.1&Prime; _module_preset=\u00a0\u00bbdefault\u00a0\u00bb text_text_color=\u00a0\u00bb#000000&Prime; header_3_font=\u00a0\u00bbMontserrat||||||||\u00a0\u00bb custom_padding=\u00a0\u00bb||7px|||\u00a0\u00bb global_colors_info=\u00a0\u00bb{}\u00a0\u00bb]<\/p>\n<div class=\"div-block-35\">\n<p><em>ARTICLE 7 \u2013 DROIT D\u2019ACC\u00c8S, DE RECTIFICATION ET DE SUPPRESSION DE VOS DONN\u00c9ES<\/em><\/p>\n<p><span style=\"color: #999999;\">En application de la r\u00e9glementation applicable aux donn\u00e9es \u00e0 caract\u00e8re personnel, les utilisateurs disposent des droits suivants\u202f:<\/span><\/p>\n<p><span style=\"color: #999999;\">&#8211; le droit d\u2019acc\u00e8s\u202f: ils peuvent exercer leur droit d\u2019acc\u00e8s pour conna\u00eetre les donn\u00e9es personnelles les concernant en \u00e9crivant \u00e0 djoharfeddi.mtc@gmail.com. Dans ce cas, avant la mise en oeuvre de ce droit, Djohar Feddi pourra demander une preuve de l\u2019identit\u00e9 de l\u2019utilisateur afin d\u2019en v\u00e9rifier l\u2019exactitude.<\/span><\/p>\n<p><span style=\"color: #999999;\">&#8211; le droit de rectification\u202f: si les donn\u00e9es \u00e0 caract\u00e8re personnel d\u00e9tenues par Djohar Feddi sont inexactes, la mise \u00e0 jour des informations peut \u00eatre demand\u00e9e.<\/span><\/p>\n<p><span style=\"color: #999999;\">&#8211; le droit de suppression des donn\u00e9es\u202f: les utilisateurs peuvent demander la suppression de leurs donn\u00e9es \u00e0 caract\u00e8re personnel, conform\u00e9ment aux lois applicables en mati\u00e8re de protection des donn\u00e9es.<\/span><\/p>\n<p><span style=\"color: #999999;\">&#8211; le droit \u00e0 la limitation du traitement\u202f: les utilisateurs peuvent demander \u00e0 Djohar Feddi de limiter le traitement des donn\u00e9es personnelles conform\u00e9ment aux hypoth\u00e8ses pr\u00e9vues par le RGPD.<\/span><\/p>\n<p><span style=\"color: #999999;\">&#8211; le droit de s\u2019opposer au traitement des donn\u00e9es\u202f: les utilisateurs peuvent s\u2019opposer \u00e0 ce que ses donn\u00e9es soient trait\u00e9es conform\u00e9ment aux hypoth\u00e8ses pr\u00e9vues par le RGPD.<\/span><\/p>\n<p><span style=\"color: #999999;\">Vous pouvez exercer ce droit \u00e0 tout moment en nous contactant par mail\u202f: djoharfeddi.mtc@gmail.comou par courrier.<\/span><\/p>\n<p><span style=\"color: #999999;\">Djohar Feddi &#8211; 897 Avenue de la R\u00e9publique 59700 Marcq en Baroeul<\/span><br \/><span style=\"color: #999999;\">\u200d<\/span><br \/><span style=\"color: #999999;\">Nous nous engageons \u00e0 r\u00e9pondre \u00e0 votre demande dans les plus brefs d\u00e9lais.<\/span><\/p>\n<\/div>\n<p>[\/et_pb_text][et_pb_text _builder_version=\u00a0\u00bb4.23.1&Prime; _module_preset=\u00a0\u00bbdefault\u00a0\u00bb text_text_color=\u00a0\u00bb#000000&Prime; header_3_font=\u00a0\u00bbMontserrat||||||||\u00a0\u00bb custom_padding=\u00a0\u00bb||7px|||\u00a0\u00bb global_colors_info=\u00a0\u00bb{}\u00a0\u00bb]<\/p>\n<div class=\"div-block-35\">\n<p><em>ARTICLE 8 \u2013 UTILISATION DES DONN\u00c9ES<\/em><\/p>\n<p><span style=\"color: #999999;\">Les donn\u00e9es personnelles collect\u00e9es aupr\u00e8s des utilisateurs ont pour objectif la mise \u00e0 disposition des services de la plateforme, leur am\u00e9lioration et le maintien d\u2019un environnement s\u00e9curis\u00e9.<\/span><\/p>\n<p><span style=\"color: #999999;\">&#8211; acc\u00e8s et utilisation de la plateforme par l\u2019utilisateur,<\/span><br \/><span style=\"color: #999999;\"> &#8211; gestion du fonctionnement et optimisation de la plateforme,<\/span><br \/><span style=\"color: #999999;\"> &#8211; mise en oeuvre d\u2019une assistance utilisateurs,<\/span><br \/><span style=\"color: #999999;\"> &#8211; personnalisation des services en affichant des publicit\u00e9s en fonction de l\u2019historique de l\u2019utilisateur, selon ses pr\u00e9f\u00e9rences,<\/span><br \/><span style=\"color: #999999;\"> &#8211; envoi d\u2019information commerciales et publicitaires en fonction des pr\u00e9f\u00e9rences de l\u2019utilisateur.<\/span><\/p>\n<\/div>\n<p>[\/et_pb_text][et_pb_text _builder_version=\u00a0\u00bb4.23.1&Prime; _module_preset=\u00a0\u00bbdefault\u00a0\u00bb text_text_color=\u00a0\u00bb#000000&Prime; header_3_font=\u00a0\u00bbMontserrat||||||||\u00a0\u00bb custom_padding=\u00a0\u00bb||7px|||\u00a0\u00bb global_colors_info=\u00a0\u00bb{}\u00a0\u00bb]<\/p>\n<div class=\"div-block-35\">\n<p><em>ARTICLE 9 \u2013 POLITIQUE DE CONSERVATION DES DONN\u00c9ES<\/em><\/p>\n<p><span style=\"color: #999999;\">La plateforme conserve vos donn\u00e9es pour la dur\u00e9e n\u00e9cessaire pour vous fournir ses services.<\/span><\/p>\n<\/div>\n<p>[\/et_pb_text][et_pb_text _builder_version=\u00a0\u00bb4.23.1&Prime; _module_preset=\u00a0\u00bbdefault\u00a0\u00bb text_text_color=\u00a0\u00bb#000000&Prime; header_3_font=\u00a0\u00bbMontserrat||||||||\u00a0\u00bb custom_padding=\u00a0\u00bb||7px|||\u00a0\u00bb global_colors_info=\u00a0\u00bb{}\u00a0\u00bb]<\/p>\n<div class=\"div-block-35\">\n<p><em>ARTICLE 10 \u2013 LOI APPLICABLE ET CONTACT<\/em><\/p>\n<p><span style=\"color: #999999;\">Les pr\u00e9sentes conditions d\u2019utilisation du site sont r\u00e9gies par la loi fran\u00e7aise et soumises \u00e0 la comp\u00e9tence des tribunaux du si\u00e8ge social de l\u2019\u00e9diteur, sous r\u00e9serve d\u2019un attribution de comp\u00e9tence sp\u00e9cifique d\u00e9coulant d\u2019un texte de loi ou r\u00e9glementaire particulier. Pour toute information sur les oeuvres pr\u00e9sent\u00e9es sur le site ou sur le site lui-m\u00eame, vous pouvez nous \u00e9crire\u202f: djoharfeddi.mtc@gmail.com<\/span><\/p>\n<\/div>\n<p>[\/et_pb_text][\/et_pb_column][\/et_pb_row][\/et_pb_section]<\/p>\n","protected":false},"excerpt":{"rendered":"<p>CREDITSDesign &amp; R\u00e9alisation du site\u00a0 www.maisontristram.frMENTIONS L\u00c9GALES ET POLITIQUE DE CONFIDENTIALIT\u00c9 Djohar Feddi, praticienne en Energ\u00e9tique Traditionnelle Chinoise, est soucieuse des droits des individus, notamment au regard des traitements automatis\u00e9s, et dans une volont\u00e9 de transparence avec ses clients, a mis en place une politique de confidentialit\u00e9 reprenant l\u2019ensemble de ces traitements, des finalit\u00e9s poursuivies [&hellip;]<\/p>\n","protected":false},"author":1,"featured_media":0,"parent":0,"menu_order":0,"comment_status":"closed","ping_status":"closed","template":"","meta":{"_et_pb_use_builder":"on","_et_pb_old_content":"","_et_gb_content_width":"","footnotes":""},"yoast_head":"<!-- This site is optimized with the Yoast SEO plugin v21.7 - https:\/\/yoast.com\/wordpress\/plugins\/seo\/ -->\n<title>MENTIONS LEGALES - Djohar Feddi - Energ\u00e9tique Traditionnelle Chinoise<\/title>\n<meta name=\"robots\" content=\"index, follow, max-snippet:-1, max-image-preview:large, max-video-preview:-1\" \/>\n<link rel=\"canonical\" href=\"https:\/\/djohar-feddi.fr\/index.php\/mentions-legales\/\" \/>\n<meta property=\"og:locale\" content=\"fr_FR\" \/>\n<meta property=\"og:type\" content=\"article\" \/>\n<meta property=\"og:title\" content=\"MENTIONS LEGALES - Djohar Feddi - Energ\u00e9tique Traditionnelle Chinoise\" \/>\n<meta property=\"og:description\" content=\"CREDITSDesign &amp; R\u00e9alisation du site\u00a0 www.maisontristram.frMENTIONS L\u00c9GALES ET POLITIQUE DE CONFIDENTIALIT\u00c9 Djohar Feddi, praticienne en Energ\u00e9tique Traditionnelle Chinoise, est soucieuse des droits des individus, notamment au regard des traitements automatis\u00e9s, et dans une volont\u00e9 de transparence avec ses clients, a mis en place une politique de confidentialit\u00e9 reprenant l\u2019ensemble de ces traitements, des finalit\u00e9s poursuivies [&hellip;]\" \/>\n<meta property=\"og:url\" content=\"https:\/\/djohar-feddi.fr\/index.php\/mentions-legales\/\" \/>\n<meta property=\"og:site_name\" content=\"Djohar Feddi - Energ\u00e9tique Traditionnelle Chinoise\" \/>\n<meta property=\"article:modified_time\" content=\"2025-02-01T10:37:31+00:00\" \/>\n<meta property=\"og:image\" content=\"https:\/\/djohar-feddi.fr\/wp-content\/uploads\/2023\/12\/logoV2.jpg\" \/>\n\t<meta property=\"og:image:width\" content=\"1501\" \/>\n\t<meta property=\"og:image:height\" content=\"769\" \/>\n\t<meta property=\"og:image:type\" content=\"image\/jpeg\" \/>\n<meta name=\"twitter:card\" content=\"summary_large_image\" \/>\n<meta name=\"twitter:label1\" content=\"Dur\u00e9e de lecture estim\u00e9e\" \/>\n\t<meta name=\"twitter:data1\" content=\"8 minutes\" \/>\n<script type=\"application\/ld+json\" class=\"yoast-schema-graph\">{\"@context\":\"https:\/\/schema.org\",\"@graph\":[{\"@type\":\"WebPage\",\"@id\":\"https:\/\/djohar-feddi.fr\/index.php\/mentions-legales\/\",\"url\":\"https:\/\/djohar-feddi.fr\/index.php\/mentions-legales\/\",\"name\":\"MENTIONS LEGALES - Djohar Feddi - Energ\u00e9tique Traditionnelle Chinoise\",\"isPartOf\":{\"@id\":\"https:\/\/djohar-feddi.fr\/#website\"},\"datePublished\":\"2023-12-18T11:48:07+00:00\",\"dateModified\":\"2025-02-01T10:37:31+00:00\",\"breadcrumb\":{\"@id\":\"https:\/\/djohar-feddi.fr\/index.php\/mentions-legales\/#breadcrumb\"},\"inLanguage\":\"fr-FR\",\"potentialAction\":[{\"@type\":\"ReadAction\",\"target\":[\"https:\/\/djohar-feddi.fr\/index.php\/mentions-legales\/\"]}]},{\"@type\":\"BreadcrumbList\",\"@id\":\"https:\/\/djohar-feddi.fr\/index.php\/mentions-legales\/#breadcrumb\",\"itemListElement\":[{\"@type\":\"ListItem\",\"position\":1,\"name\":\"Accueil\",\"item\":\"https:\/\/djohar-feddi.fr\/\"},{\"@type\":\"ListItem\",\"position\":2,\"name\":\"MENTIONS LEGALES\"}]},{\"@type\":\"WebSite\",\"@id\":\"https:\/\/djohar-feddi.fr\/#website\",\"url\":\"https:\/\/djohar-feddi.fr\/\",\"name\":\"Djohar Feddi - Energ\u00e9tique Traditionnelle Chinoise\",\"description\":\"Energ\u00e9tique Traditionnelle Chinoise\",\"publisher\":{\"@id\":\"https:\/\/djohar-feddi.fr\/#\/schema\/person\/7ac2f875614c3fd36ca68956fd995263\"},\"potentialAction\":[{\"@type\":\"SearchAction\",\"target\":{\"@type\":\"EntryPoint\",\"urlTemplate\":\"https:\/\/djohar-feddi.fr\/?s={search_term_string}\"},\"query-input\":\"required name=search_term_string\"}],\"inLanguage\":\"fr-FR\"},{\"@type\":[\"Person\",\"Organization\"],\"@id\":\"https:\/\/djohar-feddi.fr\/#\/schema\/person\/7ac2f875614c3fd36ca68956fd995263\",\"name\":\"DJOHAR FEDDI\",\"image\":{\"@type\":\"ImageObject\",\"inLanguage\":\"fr-FR\",\"@id\":\"https:\/\/djohar-feddi.fr\/#\/schema\/person\/image\/\",\"url\":\"https:\/\/djohar-feddi.fr\/wp-content\/uploads\/2023\/12\/logoV2.jpg\",\"contentUrl\":\"https:\/\/djohar-feddi.fr\/wp-content\/uploads\/2023\/12\/logoV2.jpg\",\"width\":1501,\"height\":769,\"caption\":\"DJOHAR FEDDI\"},\"logo\":{\"@id\":\"https:\/\/djohar-feddi.fr\/#\/schema\/person\/image\/\"},\"sameAs\":[\"http:\/\/djohar-feddi.fr\"]}]}<\/script>\n<!-- \/ Yoast SEO plugin. -->","yoast_head_json":{"title":"MENTIONS LEGALES - Djohar Feddi - Energ\u00e9tique Traditionnelle Chinoise","robots":{"index":"index","follow":"follow","max-snippet":"max-snippet:-1","max-image-preview":"max-image-preview:large","max-video-preview":"max-video-preview:-1"},"canonical":"https:\/\/djohar-feddi.fr\/index.php\/mentions-legales\/","og_locale":"fr_FR","og_type":"article","og_title":"MENTIONS LEGALES - Djohar Feddi - Energ\u00e9tique Traditionnelle Chinoise","og_description":"CREDITSDesign &amp; R\u00e9alisation du site\u00a0 www.maisontristram.frMENTIONS L\u00c9GALES ET POLITIQUE DE CONFIDENTIALIT\u00c9 Djohar Feddi, praticienne en Energ\u00e9tique Traditionnelle Chinoise, est soucieuse des droits des individus, notamment au regard des traitements automatis\u00e9s, et dans une volont\u00e9 de transparence avec ses clients, a mis en place une politique de confidentialit\u00e9 reprenant l\u2019ensemble de ces traitements, des finalit\u00e9s poursuivies [&hellip;]","og_url":"https:\/\/djohar-feddi.fr\/index.php\/mentions-legales\/","og_site_name":"Djohar Feddi - Energ\u00e9tique Traditionnelle Chinoise","article_modified_time":"2025-02-01T10:37:31+00:00","og_image":[{"width":1501,"height":769,"url":"https:\/\/djohar-feddi.fr\/wp-content\/uploads\/2023\/12\/logoV2.jpg","type":"image\/jpeg"}],"twitter_card":"summary_large_image","twitter_misc":{"Dur\u00e9e de lecture estim\u00e9e":"8 minutes"},"schema":{"@context":"https:\/\/schema.org","@graph":[{"@type":"WebPage","@id":"https:\/\/djohar-feddi.fr\/index.php\/mentions-legales\/","url":"https:\/\/djohar-feddi.fr\/index.php\/mentions-legales\/","name":"MENTIONS LEGALES - Djohar Feddi - Energ\u00e9tique Traditionnelle Chinoise","isPartOf":{"@id":"https:\/\/djohar-feddi.fr\/#website"},"datePublished":"2023-12-18T11:48:07+00:00","dateModified":"2025-02-01T10:37:31+00:00","breadcrumb":{"@id":"https:\/\/djohar-feddi.fr\/index.php\/mentions-legales\/#breadcrumb"},"inLanguage":"fr-FR","potentialAction":[{"@type":"ReadAction","target":["https:\/\/djohar-feddi.fr\/index.php\/mentions-legales\/"]}]},{"@type":"BreadcrumbList","@id":"https:\/\/djohar-feddi.fr\/index.php\/mentions-legales\/#breadcrumb","itemListElement":[{"@type":"ListItem","position":1,"name":"Accueil","item":"https:\/\/djohar-feddi.fr\/"},{"@type":"ListItem","position":2,"name":"MENTIONS LEGALES"}]},{"@type":"WebSite","@id":"https:\/\/djohar-feddi.fr\/#website","url":"https:\/\/djohar-feddi.fr\/","name":"Djohar Feddi - Energ\u00e9tique Traditionnelle Chinoise","description":"Energ\u00e9tique Traditionnelle Chinoise","publisher":{"@id":"https:\/\/djohar-feddi.fr\/#\/schema\/person\/7ac2f875614c3fd36ca68956fd995263"},"potentialAction":[{"@type":"SearchAction","target":{"@type":"EntryPoint","urlTemplate":"https:\/\/djohar-feddi.fr\/?s={search_term_string}"},"query-input":"required name=search_term_string"}],"inLanguage":"fr-FR"},{"@type":["Person","Organization"],"@id":"https:\/\/djohar-feddi.fr\/#\/schema\/person\/7ac2f875614c3fd36ca68956fd995263","name":"DJOHAR FEDDI","image":{"@type":"ImageObject","inLanguage":"fr-FR","@id":"https:\/\/djohar-feddi.fr\/#\/schema\/person\/image\/","url":"https:\/\/djohar-feddi.fr\/wp-content\/uploads\/2023\/12\/logoV2.jpg","contentUrl":"https:\/\/djohar-feddi.fr\/wp-content\/uploads\/2023\/12\/logoV2.jpg","width":1501,"height":769,"caption":"DJOHAR FEDDI"},"logo":{"@id":"https:\/\/djohar-feddi.fr\/#\/schema\/person\/image\/"},"sameAs":["http:\/\/djohar-feddi.fr"]}]}},"_links":{"self":[{"href":"https:\/\/djohar-feddi.fr\/index.php\/wp-json\/wp\/v2\/pages\/244"}],"collection":[{"href":"https:\/\/djohar-feddi.fr\/index.php\/wp-json\/wp\/v2\/pages"}],"about":[{"href":"https:\/\/djohar-feddi.fr\/index.php\/wp-json\/wp\/v2\/types\/page"}],"author":[{"embeddable":true,"href":"https:\/\/djohar-feddi.fr\/index.php\/wp-json\/wp\/v2\/users\/1"}],"replies":[{"embeddable":true,"href":"https:\/\/djohar-feddi.fr\/index.php\/wp-json\/wp\/v2\/comments?post=244"}],"version-history":[{"count":16,"href":"https:\/\/djohar-feddi.fr\/index.php\/wp-json\/wp\/v2\/pages\/244\/revisions"}],"predecessor-version":[{"id":304,"href":"https:\/\/djohar-feddi.fr\/index.php\/wp-json\/wp\/v2\/pages\/244\/revisions\/304"}],"wp:attachment":[{"href":"https:\/\/djohar-feddi.fr\/index.php\/wp-json\/wp\/v2\/media?parent=244"}],"curies":[{"name":"wp","href":"https:\/\/api.w.org\/{rel}","templated":true}]}}