{"id":32,"date":"2023-12-11T18:14:24","date_gmt":"2023-12-11T17:14:24","guid":{"rendered":"https:\/\/djohar-feddi.fr\/?page_id=32"},"modified":"2023-12-18T16:24:51","modified_gmt":"2023-12-18T15:24:51","slug":"moxibustion","status":"publish","type":"page","link":"https:\/\/djohar-feddi.fr\/index.php\/moxibustion\/","title":{"rendered":"Moxibustion"},"content":{"rendered":"\n[et_pb_section fb_built=\u00a0\u00bb1&Prime; admin_label=\u00a0\u00bbVISUEL BANDEAU\u00a0\u00bb _builder_version=\u00a0\u00bb4.16&Prime; background_image=\u00a0\u00bbhttps:\/\/djohar-feddi.fr\/wp-content\/uploads\/2023\/12\/madison-grooms-334020-unsplash-scaled.jpg\u00a0\u00bb custom_padding=\u00a0\u00bb52.2656px|0px|19px|0px|false|false\u00a0\u00bb collapsed=\u00a0\u00bboff\u00a0\u00bb global_colors_info=\u00a0\u00bb{}\u00a0\u00bb][et_pb_row column_structure=\u00a0\u00bb1_2,1_2&Prime; admin_label=\u00a0\u00bbVisuel Bandeau\u00a0\u00bb _builder_version=\u00a0\u00bb4.16&Prime; background_color=\u00a0\u00bbrgba(255,255,255,0)\u00a0\u00bb custom_margin=\u00a0\u00bb22px|||\u00a0\u00bb custom_padding=\u00a0\u00bb0|0px|0|0px|false|false\u00a0\u00bb global_colors_info=\u00a0\u00bb{}\u00a0\u00bb][et_pb_column type=\u00a0\u00bb1_2&Prime; _builder_version=\u00a0\u00bb4.16&Prime; custom_padding=\u00a0\u00bb|||\u00a0\u00bb global_colors_info=\u00a0\u00bb{}\u00a0\u00bb custom_padding__hover=\u00a0\u00bb|||\u00a0\u00bb][et_pb_image align_tablet=\u00a0\u00bbcenter\u00a0\u00bb align_phone=\u00a0\u00bbcenter\u00a0\u00bb align_last_edited=\u00a0\u00bbon|desktop\u00a0\u00bb _builder_version=\u00a0\u00bb4.16&Prime; background_color=\u00a0\u00bbrgba(237,240,0,0)\u00a0\u00bb global_colors_info=\u00a0\u00bb{}\u00a0\u00bb][\/et_pb_image][et_pb_image align_tablet=\u00a0\u00bbcenter\u00a0\u00bb align_phone=\u00a0\u00bbcenter\u00a0\u00bb align_last_edited=\u00a0\u00bbon|desktop\u00a0\u00bb _builder_version=\u00a0\u00bb4.16&Prime; background_color=\u00a0\u00bbrgba(237,240,0,0)\u00a0\u00bb global_colors_info=\u00a0\u00bb{}\u00a0\u00bb][\/et_pb_image][et_pb_text admin_label=\u00a0\u00bbaccroche\u00a0\u00bb _builder_version=\u00a0\u00bb4.23.1&Prime; text_font=\u00a0\u00bbMontserrat|500||on|||||\u00a0\u00bb text_text_color=\u00a0\u00bb#ffffff\u00a0\u00bb text_font_size=\u00a0\u00bb32px\u00a0\u00bb text_line_height=\u00a0\u00bb1em\u00a0\u00bb header_font=\u00a0\u00bb||||||||\u00a0\u00bb header_font_size=\u00a0\u00bb1px\u00a0\u00bb background_color=\u00a0\u00bbrgba(255,255,255,0)\u00a0\u00bb custom_margin=\u00a0\u00bb|||0px\u00a0\u00bb custom_padding=\u00a0\u00bb0px|15px|0px|15px\u00a0\u00bb custom_padding_tablet=\u00a0\u00bb32px|15px|32px|15px\u00a0\u00bb custom_padding_phone=\u00a0\u00bb32px|15px|32px|15px\u00a0\u00bb custom_padding_last_edited=\u00a0\u00bbon|desktop\u00a0\u00bb text_font_tablet=\u00a0\u00bbMontserrat|500||on|||||\u00a0\u00bb text_font_phone=\u00a0\u00bbMontserrat|600||on|||||\u00a0\u00bb text_font_last_edited=\u00a0\u00bbon|phone\u00a0\u00bb global_colors_info=\u00a0\u00bb{}\u00a0\u00bb]<p style=\"text-align: center;\">comment et pourquoi utiliser la moxibuStion ?<\/p>[\/et_pb_text][\/et_pb_column][et_pb_column type=\u00a0\u00bb1_2&Prime; _builder_version=\u00a0\u00bb4.16&Prime; custom_padding=\u00a0\u00bb|||\u00a0\u00bb global_colors_info=\u00a0\u00bb{}\u00a0\u00bb custom_padding__hover=\u00a0\u00bb|||\u00a0\u00bb][et_pb_image align_tablet=\u00a0\u00bbcenter\u00a0\u00bb align_phone=\u00a0\u00bbcenter\u00a0\u00bb align_last_edited=\u00a0\u00bbon|desktop\u00a0\u00bb _builder_version=\u00a0\u00bb4.16&Prime; background_color=\u00a0\u00bbrgba(237,240,0,0)\u00a0\u00bb global_colors_info=\u00a0\u00bb{}\u00a0\u00bb][\/et_pb_image][et_pb_text admin_label=\u00a0\u00bbintro\u00a0\u00bb _builder_version=\u00a0\u00bb4.23.1&Prime; text_font=\u00a0\u00bbMontserrat|600|||||||\u00a0\u00bb text_text_color=\u00a0\u00bb#ffffff\u00a0\u00bb text_line_height=\u00a0\u00bb1.8em\u00a0\u00bb background_color=\u00a0\u00bbrgba(0,0,0,0.43)\u00a0\u00bb custom_margin=\u00a0\u00bb|||0px\u00a0\u00bb custom_padding=\u00a0\u00bb8px|15px|0px|15px\u00a0\u00bb custom_padding_tablet=\u00a0\u00bb32px|15px|32px|15px\u00a0\u00bb custom_padding_phone=\u00a0\u00bb32px|15px|32px|15px\u00a0\u00bb custom_padding_last_edited=\u00a0\u00bbon|desktop\u00a0\u00bb global_colors_info=\u00a0\u00bb{}\u00a0\u00bb]<p class=\"p1\" style=\"text-align: center;\"><span class=\"s1\">La moxibustion est une technique de stimulation par la chaleur, de points d&rsquo;acupuncture situ\u00e9s le long des m\u00e9ridiens.<\/span><\/p>\n<p class=\"p1\" style=\"text-align: center;\"><span class=\"s1\">Elle permet de r\u00e9chauffer lorsqu&rsquo;il y a un exc\u00e8s de froid qui bloque ou qui ralentit la circulation de l&rsquo;\u00e9nergie. Elle permet aussi de tonifier lorsque le patient est en vide de Yang.\u00a0<\/span><\/p>\n<p class=\"p1\" style=\"text-align: center;\">[\/et_pb_text][et_pb_image align_tablet=\u00a0\u00bbcenter\u00a0\u00bb align_phone=\u00a0\u00bbcenter\u00a0\u00bb align_last_edited=\u00a0\u00bbon|desktop\u00a0\u00bb _builder_version=\u00a0\u00bb4.16&Prime; global_colors_info=\u00a0\u00bb{}\u00a0\u00bb][\/et_pb_image][\/et_pb_column][\/et_pb_row][\/et_pb_section][et_pb_section fb_built=\u00a0\u00bb1&Prime; admin_label=\u00a0\u00bbINTRO \/ georgia italic\u00a0\u00bb _builder_version=\u00a0\u00bb4.16&Prime; custom_padding=\u00a0\u00bb0|0px|0|0px|false|false\u00a0\u00bb collapsed=\u00a0\u00bbon\u00a0\u00bb global_colors_info=\u00a0\u00bb{}\u00a0\u00bb][et_pb_row _builder_version=\u00a0\u00bb4.16&Prime; custom_padding=\u00a0\u00bb30px|0px|13px|0px|false|false\u00a0\u00bb collapsed=\u00a0\u00bboff\u00a0\u00bb global_colors_info=\u00a0\u00bb{}\u00a0\u00bb][et_pb_column type=\u00a0\u00bb4_4&Prime; _builder_version=\u00a0\u00bb4.16&Prime; custom_padding=\u00a0\u00bb|||\u00a0\u00bb global_colors_info=\u00a0\u00bb{}\u00a0\u00bb custom_padding__hover=\u00a0\u00bb|||\u00a0\u00bb][et_pb_text _builder_version=\u00a0\u00bb4.16&Prime; text_font=\u00a0\u00bbGeorgia||on||||||\u00a0\u00bb text_font_size=\u00a0\u00bb16px\u00a0\u00bb custom_padding=\u00a0\u00bb|200px||200px\u00a0\u00bb custom_padding_tablet=\u00a0\u00bb|100px||100px\u00a0\u00bb custom_padding_phone=\u00a0\u00bb|0px||0px\u00a0\u00bb custom_padding_last_edited=\u00a0\u00bbon|desktop\u00a0\u00bb animation_style=\u00a0\u00bbfade\u00a0\u00bb global_colors_info=\u00a0\u00bb{}\u00a0\u00bb]<p class=\"p1\" style=\"text-align: center\">La moxibustion consiste \u00e0 r\u00e9chauffer \u00e0 l&rsquo; aide de moxas un point d&rsquo;acupuncture et \u00e0 faire p\u00e9n\u00e9trer la chaleur \u00e0 travers la peau. G\u00e9n\u00e9ralement fabriqu\u00e9s avec de l&rsquo;armoise, les moxas se pr\u00e9sentent le plus souvent sous forme de boulettes, de c\u00f4nes ou de b\u00e2tonnets.<\/p>\n<p class=\"p2\" style=\"text-align: center\">C&rsquo;est la chaleur d\u00e9gag\u00e9e par leur combustion qui stimule les points d&rsquo;acupuncture.<\/p>\n<p class=\"p2\" style=\"text-align: center\">La technique peut \u00eatre utilis\u00e9e seule ou combin\u00e9e au traitement par les aiguilles d&rsquo;acupuncture.<\/p>\n<p class=\"p2\" style=\"text-align: center\">Elle est la plus vieille forme de th\u00e9rapie en Chine.<\/p>[\/et_pb_text][\/et_pb_column][\/et_pb_row][\/et_pb_section][et_pb_section fb_built=\u00a0\u00bb1&Prime; admin_label=\u00a0\u00bb2 VISUELS\u00a0\u00bb _builder_version=\u00a0\u00bb4.16&Prime; custom_padding=\u00a0\u00bb47px|0px|14px|0px|false|false\u00a0\u00bb collapsed=\u00a0\u00bbon\u00a0\u00bb global_colors_info=\u00a0\u00bb{}\u00a0\u00bb][et_pb_row column_structure=\u00a0\u00bb1_2,1_2&Prime; _builder_version=\u00a0\u00bb4.16&Prime; custom_padding=\u00a0\u00bb0|0px|26.125px|0px|false|false\u00a0\u00bb global_colors_info=\u00a0\u00bb{}\u00a0\u00bb][et_pb_column type=\u00a0\u00bb1_2&Prime; _builder_version=\u00a0\u00bb4.16&Prime; custom_padding=\u00a0\u00bb|||\u00a0\u00bb global_colors_info=\u00a0\u00bb{}\u00a0\u00bb custom_padding__hover=\u00a0\u00bb|||\u00a0\u00bb][et_pb_image src=\u00a0\u00bbhttps:\/\/djohar-feddi.fr\/wp-content\/uploads\/2023\/12\/moxa1.jpg\u00a0\u00bb align_tablet=\u00a0\u00bbcenter\u00a0\u00bb align_phone=\u00a0\u00bbcenter\u00a0\u00bb align_last_edited=\u00a0\u00bbon|desktop\u00a0\u00bb _builder_version=\u00a0\u00bb4.16&Prime; animation_style=\u00a0\u00bbslide\u00a0\u00bb animation_direction=\u00a0\u00bbleft\u00a0\u00bb global_colors_info=\u00a0\u00bb{}\u00a0\u00bb][\/et_pb_image][\/et_pb_column][et_pb_column type=\u00a0\u00bb1_2&Prime; _builder_version=\u00a0\u00bb4.16&Prime; custom_padding=\u00a0\u00bb|||\u00a0\u00bb global_colors_info=\u00a0\u00bb{}\u00a0\u00bb custom_padding__hover=\u00a0\u00bb|||\u00a0\u00bb][et_pb_image src=\u00a0\u00bbhttps:\/\/djohar-feddi.fr\/wp-content\/uploads\/2023\/12\/moxa2.jpg\u00a0\u00bb align_tablet=\u00a0\u00bbcenter\u00a0\u00bb align_phone=\u00a0\u00bbcenter\u00a0\u00bb align_last_edited=\u00a0\u00bbon|desktop\u00a0\u00bb _builder_version=\u00a0\u00bb4.16&Prime; animation_style=\u00a0\u00bbslide\u00a0\u00bb animation_direction=\u00a0\u00bbright\u00a0\u00bb global_colors_info=\u00a0\u00bb{}\u00a0\u00bb][\/et_pb_image][\/et_pb_column][\/et_pb_row][\/et_pb_section][et_pb_section fb_built=\u00a0\u00bb1&Prime; admin_label=\u00a0\u00bbBODY COPY \/ montserrat\u00a0\u00bb _builder_version=\u00a0\u00bb4.16&Prime; custom_padding=\u00a0\u00bb0|0px|0|0px|false|false\u00a0\u00bb collapsed=\u00a0\u00bbon\u00a0\u00bb global_colors_info=\u00a0\u00bb{}\u00a0\u00bb][et_pb_row _builder_version=\u00a0\u00bb4.16&Prime; custom_padding=\u00a0\u00bb0|0px|26.125px|0px|false|false\u00a0\u00bb collapsed=\u00a0\u00bbon\u00a0\u00bb global_colors_info=\u00a0\u00bb{}\u00a0\u00bb][et_pb_column type=\u00a0\u00bb4_4&Prime; _builder_version=\u00a0\u00bb4.16&Prime; custom_padding=\u00a0\u00bb|||\u00a0\u00bb global_colors_info=\u00a0\u00bb{}\u00a0\u00bb custom_padding__hover=\u00a0\u00bb|||\u00a0\u00bb][et_pb_text _builder_version=\u00a0\u00bb4.16&Prime; custom_padding=\u00a0\u00bb|200px||200px\u00a0\u00bb custom_padding_tablet=\u00a0\u00bb|100px||100px\u00a0\u00bb custom_padding_phone=\u00a0\u00bb|0px||0px\u00a0\u00bb custom_padding_last_edited=\u00a0\u00bbon|desktop\u00a0\u00bb global_colors_info=\u00a0\u00bb{}\u00a0\u00bb]<p class=\"p1\" style=\"text-align: center\">Ses effets th\u00e9rapeutiques les plus communs sont d&rsquo;aller r\u00e9chauffer lorsqu\u2019il y a un syndrome d&rsquo;Exc\u00e8s de Froid, de tonifier lorsqu&rsquo;il y a un vide de Yang ou, de fa\u00e7on g\u00e9n\u00e9rale, d&rsquo;activer et de faire circuler le Q\u00ec et le Sang dans les m\u00e9ridiens.<\/p>\n<p class=\"p2\" style=\"text-align: center\">C&rsquo;est \u00e9galement une th\u00e9rapeutique de pr\u00e9vention, base m\u00eame de\u00a0<span class=\"s1\">L&rsquo;Energ\u00e9tique Traditionnelle Chinoise.<\/span><\/p>\n<p style=\"text-align: center\"><span>Certains points sont interdits \u00e0 la moxibustion, alors ne c\u00e9dez pas \u00e0 la tentation de l&rsquo;auto-traitement sous peine de probl\u00e8mes de sant\u00e9 ou de br\u00fblure.<\/span><\/p>[\/et_pb_text][\/et_pb_column][\/et_pb_row][\/et_pb_section][et_pb_section fb_built=\u00a0\u00bb1&Prime; admin_label=\u00a0\u00bbSection VERBATIM\u00a0\u00bb _builder_version=\u00a0\u00bb4.23.1&Prime; _module_preset=\u00a0\u00bbdefault\u00a0\u00bb custom_padding=\u00a0\u00bb0px||0px|||\u00a0\u00bb collapsed=\u00a0\u00bboff\u00a0\u00bb global_colors_info=\u00a0\u00bb{}\u00a0\u00bb theme_builder_area=\u00a0\u00bbpost_content\u00a0\u00bb][et_pb_row column_structure=\u00a0\u00bb1_2,1_2&Prime; _builder_version=\u00a0\u00bb4.23.1&Prime; _module_preset=\u00a0\u00bbdefault\u00a0\u00bb global_colors_info=\u00a0\u00bb{}\u00a0\u00bb theme_builder_area=\u00a0\u00bbpost_content\u00a0\u00bb][et_pb_column type=\u00a0\u00bb1_2&Prime; _builder_version=\u00a0\u00bb4.23.1&Prime; _module_preset=\u00a0\u00bbdefault\u00a0\u00bb global_colors_info=\u00a0\u00bb{}\u00a0\u00bb theme_builder_area=\u00a0\u00bbpost_content\u00a0\u00bb][et_pb_divider color=\u00a0\u00bb#e41213&Prime; divider_style=\u00a0\u00bbdotted\u00a0\u00bb _builder_version=\u00a0\u00bb4.23.1&Prime; global_colors_info=\u00a0\u00bb{}\u00a0\u00bb theme_builder_area=\u00a0\u00bbpost_content\u00a0\u00bb][\/et_pb_divider][et_pb_text _builder_version=\u00a0\u00bb4.23.1&Prime; text_font=\u00a0\u00bbMontserrat|||on|||||\u00a0\u00bb custom_margin=\u00a0\u00bb0px||||false|false\u00a0\u00bb custom_padding=\u00a0\u00bb0px|20px|0px|20px|false|false\u00a0\u00bb global_colors_info=\u00a0\u00bb{}\u00a0\u00bb theme_builder_area=\u00a0\u00bbpost_content\u00a0\u00bb]<p style=\"text-align: center;\">La moxibustion a connu un d\u00e9veloppement important sous la<span>\u00a0dynastie Ming\u00a0<\/span>durant laquelle elle \u00e9tait utilis\u00e9e conjointement avec l&rsquo;acupuncture.<sup id=\"cite_ref-Pi\u00f1ana2012_5-0\" class=\"reference\"><\/sup><\/p>[\/et_pb_text][et_pb_divider color=\u00a0\u00bb#e41213&Prime; divider_style=\u00a0\u00bbdotted\u00a0\u00bb divider_position=\u00a0\u00bbbottom\u00a0\u00bb _builder_version=\u00a0\u00bb4.23.1&Prime; global_colors_info=\u00a0\u00bb{}\u00a0\u00bb theme_builder_area=\u00a0\u00bbpost_content\u00a0\u00bb][\/et_pb_divider][\/et_pb_column][et_pb_column type=\u00a0\u00bb1_2&Prime; _builder_version=\u00a0\u00bb4.23.1&Prime; _module_preset=\u00a0\u00bbdefault\u00a0\u00bb global_colors_info=\u00a0\u00bb{}\u00a0\u00bb theme_builder_area=\u00a0\u00bbpost_content\u00a0\u00bb][et_pb_divider color=\u00a0\u00bb#e41213&Prime; divider_style=\u00a0\u00bbdotted\u00a0\u00bb _builder_version=\u00a0\u00bb4.23.1&Prime; global_colors_info=\u00a0\u00bb{}\u00a0\u00bb theme_builder_area=\u00a0\u00bbpost_content\u00a0\u00bb][\/et_pb_divider][et_pb_text _builder_version=\u00a0\u00bb4.23.1&Prime; text_font=\u00a0\u00bbMontserrat|||on|||||\u00a0\u00bb custom_margin=\u00a0\u00bb0px||||false|false\u00a0\u00bb custom_padding=\u00a0\u00bb15px|20px|10px|20px|false|false\u00a0\u00bb global_colors_info=\u00a0\u00bb{}\u00a0\u00bb theme_builder_area=\u00a0\u00bbpost_content\u00a0\u00bb]<p style=\"text-align: center;\"><span>La moxibustion a \u00e9t\u00e9 inscrite au patrimoine culturel immat\u00e9riel de l&rsquo;humanit\u00e9 de l&rsquo;Unesco en 2010.<\/span><\/p>[\/et_pb_text][et_pb_divider color=\u00a0\u00bb#e41213&Prime; divider_style=\u00a0\u00bbdotted\u00a0\u00bb divider_position=\u00a0\u00bbbottom\u00a0\u00bb _builder_version=\u00a0\u00bb4.23.1&Prime; global_colors_info=\u00a0\u00bb{}\u00a0\u00bb theme_builder_area=\u00a0\u00bbpost_content\u00a0\u00bb][\/et_pb_divider][\/et_pb_column][\/et_pb_row][\/et_pb_section][et_pb_section fb_built=\u00a0\u00bb1&Prime; admin_label=\u00a0\u00bbBANDEAU CONTACT\u00a0\u00bb _builder_version=\u00a0\u00bb4.16&Prime; custom_padding=\u00a0\u00bb0|0px|50px|0px|false|false\u00a0\u00bb collapsed=\u00a0\u00bbon\u00a0\u00bb global_colors_info=\u00a0\u00bb{}\u00a0\u00bb][et_pb_row admin_label=\u00a0\u00bbC T A\u00a0\u00bb _builder_version=\u00a0\u00bb4.16&Prime; custom_padding=\u00a0\u00bb0|0px|0|0px|false|false\u00a0\u00bb global_colors_info=\u00a0\u00bb{}\u00a0\u00bb][et_pb_column type=\u00a0\u00bb4_4&Prime; _builder_version=\u00a0\u00bb4.16&Prime; custom_padding=\u00a0\u00bb|||\u00a0\u00bb global_colors_info=\u00a0\u00bb{}\u00a0\u00bb custom_padding__hover=\u00a0\u00bb|||\u00a0\u00bb][et_pb_cta title=\u00a0\u00bbPour prendre rendez-vous, appelez-moi au 06 15 57 72 97&Prime; _builder_version=\u00a0\u00bb4.23.1&Prime; header_font=\u00a0\u00bbMontserrat|600||on|||||\u00a0\u00bb header_text_align=\u00a0\u00bbcenter\u00a0\u00bb header_font_size=\u00a0\u00bb22px\u00a0\u00bb header_line_height=\u00a0\u00bb1.2em\u00a0\u00bb background_color=\u00a0\u00bb#dabb71&Prime; background_image=\u00a0\u00bbhttps:\/\/djohar-feddi.fr\/wp-content\/uploads\/2023\/12\/gabriel-jimenez-150063-unsplash-4-scaled.jpg\u00a0\u00bb custom_padding=\u00a0\u00bb58px|||\u00a0\u00bb global_colors_info=\u00a0\u00bb{}\u00a0\u00bb button_text_size__hover_enabled=\u00a0\u00bboff\u00a0\u00bb button_one_text_size__hover_enabled=\u00a0\u00bboff\u00a0\u00bb button_two_text_size__hover_enabled=\u00a0\u00bboff\u00a0\u00bb button_text_color__hover_enabled=\u00a0\u00bboff\u00a0\u00bb button_one_text_color__hover_enabled=\u00a0\u00bboff\u00a0\u00bb button_two_text_color__hover_enabled=\u00a0\u00bboff\u00a0\u00bb button_border_width__hover_enabled=\u00a0\u00bboff\u00a0\u00bb button_one_border_width__hover_enabled=\u00a0\u00bboff\u00a0\u00bb button_two_border_width__hover_enabled=\u00a0\u00bboff\u00a0\u00bb button_border_color__hover_enabled=\u00a0\u00bboff\u00a0\u00bb button_one_border_color__hover_enabled=\u00a0\u00bboff\u00a0\u00bb button_two_border_color__hover_enabled=\u00a0\u00bboff\u00a0\u00bb button_border_radius__hover_enabled=\u00a0\u00bboff\u00a0\u00bb button_one_border_radius__hover_enabled=\u00a0\u00bboff\u00a0\u00bb button_two_border_radius__hover_enabled=\u00a0\u00bboff\u00a0\u00bb button_letter_spacing__hover_enabled=\u00a0\u00bboff\u00a0\u00bb button_one_letter_spacing__hover_enabled=\u00a0\u00bboff\u00a0\u00bb button_two_letter_spacing__hover_enabled=\u00a0\u00bboff\u00a0\u00bb button_bg_color__hover_enabled=\u00a0\u00bboff\u00a0\u00bb button_one_bg_color__hover_enabled=\u00a0\u00bboff\u00a0\u00bb button_two_bg_color__hover_enabled=\u00a0\u00bboff\u00a0\u00bb][\/et_pb_cta][\/et_pb_column][\/et_pb_row][\/et_pb_section]\n","protected":false},"excerpt":{"rendered":"<p>comment et pourquoi utiliser la moxibuStion ?La moxibustion est une technique de stimulation par la chaleur, de points d&rsquo;acupuncture situ\u00e9s le long des m\u00e9ridiens. Elle permet de r\u00e9chauffer lorsqu&rsquo;il y a un exc\u00e8s de froid qui bloque ou qui ralentit la circulation de l&rsquo;\u00e9nergie. Elle permet aussi de tonifier lorsque le patient est en vide [&hellip;]<\/p>\n","protected":false},"author":1,"featured_media":0,"parent":0,"menu_order":0,"comment_status":"closed","ping_status":"closed","template":"","meta":{"_et_pb_use_builder":"on","_et_pb_old_content":"<!-- wp:divi\/placeholder \/-->","_et_gb_content_width":"","footnotes":""},"yoast_head":"<!-- This site is optimized with the Yoast SEO plugin v21.7 - https:\/\/yoast.com\/wordpress\/plugins\/seo\/ -->\n<title>Moxibustion - Djohar Feddi - Energ\u00e9tique Traditionnelle Chinoise<\/title>\n<meta name=\"description\" content=\"La moxibution est la plus vieille forme de th\u00e9rapie en Chine. C&#039;est une technique de stimulation par la chaleur, de points d\u2019acupuncture situ\u00e9s le long des m\u00e9ridiens.\" \/>\n<meta name=\"robots\" content=\"index, follow, max-snippet:-1, max-image-preview:large, max-video-preview:-1\" \/>\n<link rel=\"canonical\" href=\"https:\/\/djohar-feddi.fr\/index.php\/moxibustion\/\" \/>\n<meta property=\"og:locale\" content=\"fr_FR\" \/>\n<meta property=\"og:type\" content=\"article\" \/>\n<meta property=\"og:title\" content=\"Moxibustion - Djohar Feddi - Energ\u00e9tique Traditionnelle Chinoise\" \/>\n<meta property=\"og:description\" content=\"La moxibution est la plus vieille forme de th\u00e9rapie en Chine. C&#039;est une technique de stimulation par la chaleur, de points d\u2019acupuncture situ\u00e9s le long des m\u00e9ridiens.\" \/>\n<meta property=\"og:url\" content=\"https:\/\/djohar-feddi.fr\/index.php\/moxibustion\/\" \/>\n<meta property=\"og:site_name\" content=\"Djohar Feddi - Energ\u00e9tique Traditionnelle Chinoise\" \/>\n<meta property=\"article:modified_time\" content=\"2023-12-18T15:24:51+00:00\" \/>\n<meta property=\"og:image\" content=\"https:\/\/djohar-feddi.fr\/wp-content\/uploads\/2023\/12\/logoV2.jpg\" \/>\n\t<meta property=\"og:image:width\" content=\"1501\" \/>\n\t<meta property=\"og:image:height\" content=\"769\" \/>\n\t<meta property=\"og:image:type\" content=\"image\/jpeg\" \/>\n<meta name=\"twitter:card\" content=\"summary_large_image\" \/>\n<meta name=\"twitter:label1\" content=\"Dur\u00e9e de lecture estim\u00e9e\" \/>\n\t<meta name=\"twitter:data1\" content=\"2 minutes\" \/>\n<script type=\"application\/ld+json\" class=\"yoast-schema-graph\">{\"@context\":\"https:\/\/schema.org\",\"@graph\":[{\"@type\":\"WebPage\",\"@id\":\"https:\/\/djohar-feddi.fr\/index.php\/moxibustion\/\",\"url\":\"https:\/\/djohar-feddi.fr\/index.php\/moxibustion\/\",\"name\":\"Moxibustion - Djohar Feddi - Energ\u00e9tique Traditionnelle Chinoise\",\"isPartOf\":{\"@id\":\"https:\/\/djohar-feddi.fr\/#website\"},\"datePublished\":\"2023-12-11T17:14:24+00:00\",\"dateModified\":\"2023-12-18T15:24:51+00:00\",\"description\":\"La moxibution est la plus vieille forme de th\u00e9rapie en Chine. C'est une technique de stimulation par la chaleur, de points d\u2019acupuncture situ\u00e9s le long des m\u00e9ridiens.\",\"breadcrumb\":{\"@id\":\"https:\/\/djohar-feddi.fr\/index.php\/moxibustion\/#breadcrumb\"},\"inLanguage\":\"fr-FR\",\"potentialAction\":[{\"@type\":\"ReadAction\",\"target\":[\"https:\/\/djohar-feddi.fr\/index.php\/moxibustion\/\"]}]},{\"@type\":\"BreadcrumbList\",\"@id\":\"https:\/\/djohar-feddi.fr\/index.php\/moxibustion\/#breadcrumb\",\"itemListElement\":[{\"@type\":\"ListItem\",\"position\":1,\"name\":\"Accueil\",\"item\":\"https:\/\/djohar-feddi.fr\/\"},{\"@type\":\"ListItem\",\"position\":2,\"name\":\"Moxibustion\"}]},{\"@type\":\"WebSite\",\"@id\":\"https:\/\/djohar-feddi.fr\/#website\",\"url\":\"https:\/\/djohar-feddi.fr\/\",\"name\":\"Djohar Feddi - Energ\u00e9tique Traditionnelle Chinoise\",\"description\":\"Energ\u00e9tique Traditionnelle Chinoise\",\"publisher\":{\"@id\":\"https:\/\/djohar-feddi.fr\/#\/schema\/person\/7ac2f875614c3fd36ca68956fd995263\"},\"potentialAction\":[{\"@type\":\"SearchAction\",\"target\":{\"@type\":\"EntryPoint\",\"urlTemplate\":\"https:\/\/djohar-feddi.fr\/?s={search_term_string}\"},\"query-input\":\"required name=search_term_string\"}],\"inLanguage\":\"fr-FR\"},{\"@type\":[\"Person\",\"Organization\"],\"@id\":\"https:\/\/djohar-feddi.fr\/#\/schema\/person\/7ac2f875614c3fd36ca68956fd995263\",\"name\":\"DJOHAR FEDDI\",\"image\":{\"@type\":\"ImageObject\",\"inLanguage\":\"fr-FR\",\"@id\":\"https:\/\/djohar-feddi.fr\/#\/schema\/person\/image\/\",\"url\":\"https:\/\/djohar-feddi.fr\/wp-content\/uploads\/2023\/12\/logoV2.jpg\",\"contentUrl\":\"https:\/\/djohar-feddi.fr\/wp-content\/uploads\/2023\/12\/logoV2.jpg\",\"width\":1501,\"height\":769,\"caption\":\"DJOHAR FEDDI\"},\"logo\":{\"@id\":\"https:\/\/djohar-feddi.fr\/#\/schema\/person\/image\/\"},\"sameAs\":[\"http:\/\/djohar-feddi.fr\"]}]}<\/script>\n<!-- \/ Yoast SEO plugin. -->","yoast_head_json":{"title":"Moxibustion - Djohar Feddi - Energ\u00e9tique Traditionnelle Chinoise","description":"La moxibution est la plus vieille forme de th\u00e9rapie en Chine. C'est une technique de stimulation par la chaleur, de points d\u2019acupuncture situ\u00e9s le long des m\u00e9ridiens.","robots":{"index":"index","follow":"follow","max-snippet":"max-snippet:-1","max-image-preview":"max-image-preview:large","max-video-preview":"max-video-preview:-1"},"canonical":"https:\/\/djohar-feddi.fr\/index.php\/moxibustion\/","og_locale":"fr_FR","og_type":"article","og_title":"Moxibustion - Djohar Feddi - Energ\u00e9tique Traditionnelle Chinoise","og_description":"La moxibution est la plus vieille forme de th\u00e9rapie en Chine. C'est une technique de stimulation par la chaleur, de points d\u2019acupuncture situ\u00e9s le long des m\u00e9ridiens.","og_url":"https:\/\/djohar-feddi.fr\/index.php\/moxibustion\/","og_site_name":"Djohar Feddi - Energ\u00e9tique Traditionnelle Chinoise","article_modified_time":"2023-12-18T15:24:51+00:00","og_image":[{"width":1501,"height":769,"url":"https:\/\/djohar-feddi.fr\/wp-content\/uploads\/2023\/12\/logoV2.jpg","type":"image\/jpeg"}],"twitter_card":"summary_large_image","twitter_misc":{"Dur\u00e9e de lecture estim\u00e9e":"2 minutes"},"schema":{"@context":"https:\/\/schema.org","@graph":[{"@type":"WebPage","@id":"https:\/\/djohar-feddi.fr\/index.php\/moxibustion\/","url":"https:\/\/djohar-feddi.fr\/index.php\/moxibustion\/","name":"Moxibustion - Djohar Feddi - Energ\u00e9tique Traditionnelle Chinoise","isPartOf":{"@id":"https:\/\/djohar-feddi.fr\/#website"},"datePublished":"2023-12-11T17:14:24+00:00","dateModified":"2023-12-18T15:24:51+00:00","description":"La moxibution est la plus vieille forme de th\u00e9rapie en Chine. C'est une technique de stimulation par la chaleur, de points d\u2019acupuncture situ\u00e9s le long des m\u00e9ridiens.","breadcrumb":{"@id":"https:\/\/djohar-feddi.fr\/index.php\/moxibustion\/#breadcrumb"},"inLanguage":"fr-FR","potentialAction":[{"@type":"ReadAction","target":["https:\/\/djohar-feddi.fr\/index.php\/moxibustion\/"]}]},{"@type":"BreadcrumbList","@id":"https:\/\/djohar-feddi.fr\/index.php\/moxibustion\/#breadcrumb","itemListElement":[{"@type":"ListItem","position":1,"name":"Accueil","item":"https:\/\/djohar-feddi.fr\/"},{"@type":"ListItem","position":2,"name":"Moxibustion"}]},{"@type":"WebSite","@id":"https:\/\/djohar-feddi.fr\/#website","url":"https:\/\/djohar-feddi.fr\/","name":"Djohar Feddi - Energ\u00e9tique Traditionnelle Chinoise","description":"Energ\u00e9tique Traditionnelle Chinoise","publisher":{"@id":"https:\/\/djohar-feddi.fr\/#\/schema\/person\/7ac2f875614c3fd36ca68956fd995263"},"potentialAction":[{"@type":"SearchAction","target":{"@type":"EntryPoint","urlTemplate":"https:\/\/djohar-feddi.fr\/?s={search_term_string}"},"query-input":"required name=search_term_string"}],"inLanguage":"fr-FR"},{"@type":["Person","Organization"],"@id":"https:\/\/djohar-feddi.fr\/#\/schema\/person\/7ac2f875614c3fd36ca68956fd995263","name":"DJOHAR FEDDI","image":{"@type":"ImageObject","inLanguage":"fr-FR","@id":"https:\/\/djohar-feddi.fr\/#\/schema\/person\/image\/","url":"https:\/\/djohar-feddi.fr\/wp-content\/uploads\/2023\/12\/logoV2.jpg","contentUrl":"https:\/\/djohar-feddi.fr\/wp-content\/uploads\/2023\/12\/logoV2.jpg","width":1501,"height":769,"caption":"DJOHAR FEDDI"},"logo":{"@id":"https:\/\/djohar-feddi.fr\/#\/schema\/person\/image\/"},"sameAs":["http:\/\/djohar-feddi.fr"]}]}},"_links":{"self":[{"href":"https:\/\/djohar-feddi.fr\/index.php\/wp-json\/wp\/v2\/pages\/32"}],"collection":[{"href":"https:\/\/djohar-feddi.fr\/index.php\/wp-json\/wp\/v2\/pages"}],"about":[{"href":"https:\/\/djohar-feddi.fr\/index.php\/wp-json\/wp\/v2\/types\/page"}],"author":[{"embeddable":true,"href":"https:\/\/djohar-feddi.fr\/index.php\/wp-json\/wp\/v2\/users\/1"}],"replies":[{"embeddable":true,"href":"https:\/\/djohar-feddi.fr\/index.php\/wp-json\/wp\/v2\/comments?post=32"}],"version-history":[{"count":10,"href":"https:\/\/djohar-feddi.fr\/index.php\/wp-json\/wp\/v2\/pages\/32\/revisions"}],"predecessor-version":[{"id":287,"href":"https:\/\/djohar-feddi.fr\/index.php\/wp-json\/wp\/v2\/pages\/32\/revisions\/287"}],"wp:attachment":[{"href":"https:\/\/djohar-feddi.fr\/index.php\/wp-json\/wp\/v2\/media?parent=32"}],"curies":[{"name":"wp","href":"https:\/\/api.w.org\/{rel}","templated":true}]}}