{"id":36,"date":"2023-12-11T18:15:12","date_gmt":"2023-12-11T17:15:12","guid":{"rendered":"https:\/\/djohar-feddi.fr\/?page_id=36"},"modified":"2023-12-18T16:24:27","modified_gmt":"2023-12-18T15:24:27","slug":"dietetique-chinoise","status":"publish","type":"page","link":"https:\/\/djohar-feddi.fr\/index.php\/dietetique-chinoise\/","title":{"rendered":"Di\u00e9t\u00e9tique chinoise"},"content":{"rendered":"\n[et_pb_section fb_built=\u00a0\u00bb1&Prime; admin_label=\u00a0\u00bbVISUEL BANDEAU\u00a0\u00bb _builder_version=\u00a0\u00bb4.16&Prime; background_image=\u00a0\u00bbhttps:\/\/djohar-feddi.fr\/wp-content\/uploads\/2023\/12\/kari-shea-119755-unsplash-scaled.jpg\u00a0\u00bb custom_padding=\u00a0\u00bb52.2656px|0px|100px|0px|false|false\u00a0\u00bb collapsed=\u00a0\u00bboff\u00a0\u00bb global_colors_info=\u00a0\u00bb{}\u00a0\u00bb][et_pb_row column_structure=\u00a0\u00bb1_2,1_2&Prime; admin_label=\u00a0\u00bbVisuel Bandeau\u00a0\u00bb _builder_version=\u00a0\u00bb4.16&Prime; background_color=\u00a0\u00bbrgba(255,255,255,0)\u00a0\u00bb custom_margin=\u00a0\u00bb57px|||\u00a0\u00bb custom_padding=\u00a0\u00bb0|0px|0|0px|false|false\u00a0\u00bb global_colors_info=\u00a0\u00bb{}\u00a0\u00bb][et_pb_column type=\u00a0\u00bb1_2&Prime; _builder_version=\u00a0\u00bb4.16&Prime; custom_padding=\u00a0\u00bb|||\u00a0\u00bb global_colors_info=\u00a0\u00bb{}\u00a0\u00bb custom_padding__hover=\u00a0\u00bb|||\u00a0\u00bb][et_pb_text admin_label=\u00a0\u00bbaccroche\u00a0\u00bb _builder_version=\u00a0\u00bb4.23.1&Prime; text_font=\u00a0\u00bbMontserrat|500||on|||||\u00a0\u00bb text_text_color=\u00a0\u00bb#ffffff\u00a0\u00bb text_font_size=\u00a0\u00bb32px\u00a0\u00bb text_line_height=\u00a0\u00bb1.1em\u00a0\u00bb background_color=\u00a0\u00bbrgba(255,255,255,0)\u00a0\u00bb custom_margin=\u00a0\u00bb|||0px\u00a0\u00bb custom_padding=\u00a0\u00bb32px|15px|0px|15px\u00a0\u00bb custom_padding_tablet=\u00a0\u00bb32px|15px|32px|15px\u00a0\u00bb custom_padding_phone=\u00a0\u00bb32px|15px|32px|15px\u00a0\u00bb custom_padding_last_edited=\u00a0\u00bbon|desktop\u00a0\u00bb text_font_tablet=\u00a0\u00bbMontserrat|500||on|||||\u00a0\u00bb text_font_phone=\u00a0\u00bbMontserrat|600||on|||||\u00a0\u00bb text_font_last_edited=\u00a0\u00bbon|phone\u00a0\u00bb global_colors_info=\u00a0\u00bb{}\u00a0\u00bb]<p style=\"text-align: center;\">\u00a0\u00bb <span>QUE TON ALIMENT SOIT TA SEULE MEDECINE <\/span>\u00ab\u00a0<\/p>[\/et_pb_text][et_pb_text _builder_version=\u00a0\u00bb4.16&Prime; text_font=\u00a0\u00bbGeorgia||||||||\u00a0\u00bb text_text_color=\u00a0\u00bb#ffffff\u00a0\u00bb text_line_height=\u00a0\u00bb1em\u00a0\u00bb global_colors_info=\u00a0\u00bb{}\u00a0\u00bb]<p style=\"text-align: center\">Hippocrate<\/p>[\/et_pb_text][\/et_pb_column][et_pb_column type=\u00a0\u00bb1_2&Prime; _builder_version=\u00a0\u00bb4.16&Prime; custom_padding=\u00a0\u00bb|||\u00a0\u00bb global_colors_info=\u00a0\u00bb{}\u00a0\u00bb custom_padding__hover=\u00a0\u00bb|||\u00a0\u00bb][et_pb_text admin_label=\u00a0\u00bbintro\u00a0\u00bb _builder_version=\u00a0\u00bb4.23.1&Prime; text_font=\u00a0\u00bbMontserrat|600|||||||\u00a0\u00bb text_text_color=\u00a0\u00bb#ffffff\u00a0\u00bb custom_margin=\u00a0\u00bb|||0px\u00a0\u00bb custom_padding=\u00a0\u00bb32px|15px|32px|15px\u00a0\u00bb custom_padding_tablet=\u00a0\u00bb32px|15px|32px|15px\u00a0\u00bb custom_padding_phone=\u00a0\u00bb32px|15px|32px|15px\u00a0\u00bb custom_padding_last_edited=\u00a0\u00bbon|desktop\u00a0\u00bb background_color_phone=\u00a0\u00bbrgba(0,0,0,0.2)\u00a0\u00bb background_last_edited=\u00a0\u00bbon|phone\u00a0\u00bb background_enable_color_phone=\u00a0\u00bbon\u00a0\u00bb global_colors_info=\u00a0\u00bb{}\u00a0\u00bb]<p class=\"p1\" style=\"text-align: center;\"><span class=\"s1\">La di\u00e9t\u00e9tique chinoise\u00a0<\/span><span>est, au m\u00eame titre que la respiration, la source principale de production de notre \u00e9nergie. Une mauvaise alimentation induit ainsi une \u00e9nergie de basse qualit\u00e9, n\u00e9faste pour la sant\u00e9 et la vitalit\u00e9.<\/span><\/p>[\/et_pb_text][\/et_pb_column][\/et_pb_row][\/et_pb_section][et_pb_section fb_built=\u00a0\u00bb1&Prime; _builder_version=\u00a0\u00bb4.23.1&Prime; _module_preset=\u00a0\u00bbdefault\u00a0\u00bb custom_padding=\u00a0\u00bb12px||0px|||\u00a0\u00bb global_colors_info=\u00a0\u00bb{}\u00a0\u00bb][et_pb_row _builder_version=\u00a0\u00bb4.23.1&Prime; _module_preset=\u00a0\u00bbdefault\u00a0\u00bb global_colors_info=\u00a0\u00bb{}\u00a0\u00bb][et_pb_column type=\u00a0\u00bb4_4&Prime; _builder_version=\u00a0\u00bb4.23.1&Prime; _module_preset=\u00a0\u00bbdefault\u00a0\u00bb global_colors_info=\u00a0\u00bb{}\u00a0\u00bb][et_pb_text _builder_version=\u00a0\u00bb4.23.1&Prime; _module_preset=\u00a0\u00bbdefault\u00a0\u00bb text_font=\u00a0\u00bbGeorgia||on||||||\u00a0\u00bb text_text_color=\u00a0\u00bb#707070&Prime; text_font_size=\u00a0\u00bb16px\u00a0\u00bb custom_padding=\u00a0\u00bb|200px||200px|false|false\u00a0\u00bb custom_padding_tablet=\u00a0\u00bb|100px||100px|false|false\u00a0\u00bb custom_padding_phone=\u00a0\u00bb|0px||0px|false|false\u00a0\u00bb custom_padding_last_edited=\u00a0\u00bbon|phone\u00a0\u00bb hover_enabled=\u00a0\u00bb0&Prime; global_colors_info=\u00a0\u00bb{}\u00a0\u00bb sticky_enabled=\u00a0\u00bb0&Prime;]<p class=\"p1\"><span class=\"s1\">Selon les th\u00e9ories de L&rsquo;Energ\u00e9tique Traditionnelle Chinoise, tous les aliments ont des propri\u00e9t\u00e9s entrainant une action sur le corps et susceptibles d&rsquo;agir sur la maladie.<\/span><\/p>\n<p class=\"p1\" style=\"text-align: center;\"><span class=\"s1\">La tradition chinoise a appris \u00e0 conna\u00eetre, au fil des si\u00e8cles, les propri\u00e9t\u00e9s subtiles des aliments\u00a0<\/span><span style=\"font-size: 16px;\">et les a class\u00e9s selon certains crit\u00e8res\u00a0en respectant les lois du Yin, du Yang et des cinq mouvements\u00a0:<\/span><\/p>\n<p class=\"p1\" style=\"text-align: center;\"><span class=\"s1\">&#8212; La vitalit\u00e9 de l&rsquo;aliment<\/span><\/p>\n<p class=\"p1\" style=\"text-align: center;\"><span class=\"s1\">&#8212; La nature de l&rsquo;aliment (froid, frais, ti\u00e8de, chaud, neutre)<\/span><\/p>\n<p class=\"p1\" style=\"text-align: center;\"><span class=\"s1\">&#8212; La saveur de l&rsquo;aliment (acide, am\u00e8r, doux, piquant, sal\u00e9)<\/span><\/p>\n<p class=\"p1\" style=\"text-align: center;\"><span class=\"s1\">&#8212; La forme de l&rsquo;aliment<\/span><\/p>\n<p class=\"p1\" style=\"text-align: center;\"><span class=\"s1\">&#8212; La couleur de l&rsquo;aliment.<\/span><\/p>\n<p class=\"p1\" style=\"text-align: center;\">[\/et_pb_text][\/et_pb_column][\/et_pb_row][\/et_pb_section][et_pb_section fb_built=\u00a0\u00bb1&Prime; admin_label=\u00a0\u00bb2 VISUELS\u00a0\u00bb _builder_version=\u00a0\u00bb4.16&Prime; custom_padding=\u00a0\u00bb10px|0px|14px|0px|false|false\u00a0\u00bb collapsed=\u00a0\u00bbon\u00a0\u00bb global_colors_info=\u00a0\u00bb{}\u00a0\u00bb][et_pb_row column_structure=\u00a0\u00bb1_2,1_2&Prime; _builder_version=\u00a0\u00bb4.16&Prime; custom_padding=\u00a0\u00bb0|0px|26.125px|0px|false|false\u00a0\u00bb global_colors_info=\u00a0\u00bb{}\u00a0\u00bb][et_pb_column type=\u00a0\u00bb1_2&Prime; _builder_version=\u00a0\u00bb4.16&Prime; custom_padding=\u00a0\u00bb|||\u00a0\u00bb global_colors_info=\u00a0\u00bb{}\u00a0\u00bb custom_padding__hover=\u00a0\u00bb|||\u00a0\u00bb][et_pb_image src=\u00a0\u00bbhttps:\/\/djohar-feddi.fr\/wp-content\/uploads\/2023\/12\/dietetik1.jpg\u00a0\u00bb align_tablet=\u00a0\u00bbcenter\u00a0\u00bb align_phone=\u00a0\u00bbcenter\u00a0\u00bb align_last_edited=\u00a0\u00bbon|desktop\u00a0\u00bb _builder_version=\u00a0\u00bb4.16&Prime; animation_style=\u00a0\u00bbslide\u00a0\u00bb animation_direction=\u00a0\u00bbleft\u00a0\u00bb global_colors_info=\u00a0\u00bb{}\u00a0\u00bb][\/et_pb_image][\/et_pb_column][et_pb_column type=\u00a0\u00bb1_2&Prime; _builder_version=\u00a0\u00bb4.16&Prime; custom_padding=\u00a0\u00bb|||\u00a0\u00bb global_colors_info=\u00a0\u00bb{}\u00a0\u00bb custom_padding__hover=\u00a0\u00bb|||\u00a0\u00bb][et_pb_image src=\u00a0\u00bbhttps:\/\/djohar-feddi.fr\/wp-content\/uploads\/2023\/12\/dietetik2.jpg\u00a0\u00bb align_tablet=\u00a0\u00bbcenter\u00a0\u00bb align_phone=\u00a0\u00bbcenter\u00a0\u00bb align_last_edited=\u00a0\u00bbon|desktop\u00a0\u00bb _builder_version=\u00a0\u00bb4.16&Prime; animation_style=\u00a0\u00bbslide\u00a0\u00bb animation_direction=\u00a0\u00bbright\u00a0\u00bb global_colors_info=\u00a0\u00bb{}\u00a0\u00bb][\/et_pb_image][\/et_pb_column][\/et_pb_row][\/et_pb_section][et_pb_section fb_built=\u00a0\u00bb1&Prime; admin_label=\u00a0\u00bbBODY COPY \/ montserrat\u00a0\u00bb _builder_version=\u00a0\u00bb4.16&Prime; custom_padding=\u00a0\u00bb0|0px|0|0px|false|false\u00a0\u00bb collapsed=\u00a0\u00bbon\u00a0\u00bb global_colors_info=\u00a0\u00bb{}\u00a0\u00bb][et_pb_row _builder_version=\u00a0\u00bb4.16&Prime; custom_padding=\u00a0\u00bb0|0px|26.125px|0px|false|false\u00a0\u00bb collapsed=\u00a0\u00bbon\u00a0\u00bb global_colors_info=\u00a0\u00bb{}\u00a0\u00bb][et_pb_column type=\u00a0\u00bb4_4&Prime; _builder_version=\u00a0\u00bb4.16&Prime; custom_padding=\u00a0\u00bb|||\u00a0\u00bb global_colors_info=\u00a0\u00bb{}\u00a0\u00bb custom_padding__hover=\u00a0\u00bb|||\u00a0\u00bb][et_pb_text _builder_version=\u00a0\u00bb4.16&Prime; custom_padding=\u00a0\u00bb|200px||200px\u00a0\u00bb custom_padding_tablet=\u00a0\u00bb|100px||100px\u00a0\u00bb custom_padding_phone=\u00a0\u00bb|0px||0px\u00a0\u00bb custom_padding_last_edited=\u00a0\u00bbon|desktop\u00a0\u00bb global_colors_info=\u00a0\u00bb{}\u00a0\u00bb]<p class=\"p1\" style=\"text-align: center\">Les deux organes principaux de la digestion sont la rate et l&rsquo;estomac. Si on ressent de la fatigue ou une sensation de froid apr\u00e8s le repas, c&rsquo;est souvent d\u00fb \u00e0 une \u00e9nergie d\u00e9faillante de la rate et des reins. Petite astuce : il vaut mieux manger chaud quand on est fatigu\u00e9 et \u00e9viter les aliments froids et humides.<\/p>\n<p class=\"p1\" style=\"text-align: center\">Et comme nous avons tendance \u00e0 consommer trop de sel et trop de sucre, il ne faut pas h\u00e9siter \u00e0 contre-balancer avec de l&rsquo;amer et du piquant.<\/p>[\/et_pb_text][\/et_pb_column][\/et_pb_row][\/et_pb_section][et_pb_section fb_built=\u00a0\u00bb1&Prime; admin_label=\u00a0\u00bbSection VERBATIM\u00a0\u00bb _builder_version=\u00a0\u00bb4.23.1&Prime; _module_preset=\u00a0\u00bbdefault\u00a0\u00bb custom_padding=\u00a0\u00bb0px||0px|||\u00a0\u00bb collapsed=\u00a0\u00bboff\u00a0\u00bb global_colors_info=\u00a0\u00bb{}\u00a0\u00bb theme_builder_area=\u00a0\u00bbpost_content\u00a0\u00bb][et_pb_row column_structure=\u00a0\u00bb1_2,1_2&Prime; _builder_version=\u00a0\u00bb4.23.1&Prime; _module_preset=\u00a0\u00bbdefault\u00a0\u00bb global_colors_info=\u00a0\u00bb{}\u00a0\u00bb theme_builder_area=\u00a0\u00bbpost_content\u00a0\u00bb][et_pb_column type=\u00a0\u00bb1_2&Prime; _builder_version=\u00a0\u00bb4.23.1&Prime; _module_preset=\u00a0\u00bbdefault\u00a0\u00bb global_colors_info=\u00a0\u00bb{}\u00a0\u00bb theme_builder_area=\u00a0\u00bbpost_content\u00a0\u00bb][et_pb_divider color=\u00a0\u00bb#e41213&Prime; divider_style=\u00a0\u00bbdotted\u00a0\u00bb _builder_version=\u00a0\u00bb4.23.1&Prime; hover_enabled=\u00a0\u00bb0&Prime; global_colors_info=\u00a0\u00bb{}\u00a0\u00bb theme_builder_area=\u00a0\u00bbpost_content\u00a0\u00bb sticky_enabled=\u00a0\u00bb0&Prime; custom_margin=\u00a0\u00bb||43px|||\u00a0\u00bb][\/et_pb_divider][et_pb_text _builder_version=\u00a0\u00bb4.23.1&Prime; text_font=\u00a0\u00bbMontserrat|||on|||||\u00a0\u00bb custom_margin=\u00a0\u00bb0px||46px||false|false\u00a0\u00bb custom_padding=\u00a0\u00bb0px|20px|0px|20px|false|false\u00a0\u00bb global_colors_info=\u00a0\u00bb{}\u00a0\u00bb theme_builder_area=\u00a0\u00bbpost_content\u00a0\u00bb]<p style=\"text-align: center;\">la di\u00e9t\u00e9tique chinoise privil\u00e9gie les aliments les plus frais et plus sains possibles.<\/p>[\/et_pb_text][et_pb_divider color=\u00a0\u00bb#e41213&Prime; divider_style=\u00a0\u00bbdotted\u00a0\u00bb divider_position=\u00a0\u00bbbottom\u00a0\u00bb _builder_version=\u00a0\u00bb4.23.1&Prime; hover_enabled=\u00a0\u00bb0&Prime; global_colors_info=\u00a0\u00bb{}\u00a0\u00bb theme_builder_area=\u00a0\u00bbpost_content\u00a0\u00bb sticky_enabled=\u00a0\u00bb0&Prime;][\/et_pb_divider][\/et_pb_column][et_pb_column type=\u00a0\u00bb1_2&Prime; _builder_version=\u00a0\u00bb4.23.1&Prime; _module_preset=\u00a0\u00bbdefault\u00a0\u00bb global_colors_info=\u00a0\u00bb{}\u00a0\u00bb theme_builder_area=\u00a0\u00bbpost_content\u00a0\u00bb][et_pb_divider color=\u00a0\u00bb#e41213&Prime; divider_style=\u00a0\u00bbdotted\u00a0\u00bb _builder_version=\u00a0\u00bb4.23.1&Prime; hover_enabled=\u00a0\u00bb0&Prime; global_colors_info=\u00a0\u00bb{}\u00a0\u00bb theme_builder_area=\u00a0\u00bbpost_content\u00a0\u00bb sticky_enabled=\u00a0\u00bb0&Prime; custom_padding=\u00a0\u00bb||8px|||\u00a0\u00bb][\/et_pb_divider][et_pb_text _builder_version=\u00a0\u00bb4.23.1&Prime; text_font=\u00a0\u00bbMontserrat|||on|||||\u00a0\u00bb custom_margin=\u00a0\u00bb0px||||false|false\u00a0\u00bb custom_padding=\u00a0\u00bb0px|20px|0px|20px|false|false\u00a0\u00bb hover_enabled=\u00a0\u00bb0&Prime; global_colors_info=\u00a0\u00bb{}\u00a0\u00bb theme_builder_area=\u00a0\u00bbpost_content\u00a0\u00bb sticky_enabled=\u00a0\u00bb0&Prime;]<p style=\"text-align: center;\">Un conseil : il vaut mieux manger de saison, cuit et chaud, plus le matin que le soir et plus de c\u00e9r\u00e9ales et l\u00e9gumineuses\u00a0 que de prot\u00e9ines animales.<\/p>[\/et_pb_text][et_pb_divider color=\u00a0\u00bb#e41213&Prime; divider_style=\u00a0\u00bbdotted\u00a0\u00bb divider_position=\u00a0\u00bbbottom\u00a0\u00bb _builder_version=\u00a0\u00bb4.23.1&Prime; hover_enabled=\u00a0\u00bb0&Prime; global_colors_info=\u00a0\u00bb{}\u00a0\u00bb theme_builder_area=\u00a0\u00bbpost_content\u00a0\u00bb sticky_enabled=\u00a0\u00bb0&Prime;][\/et_pb_divider][\/et_pb_column][\/et_pb_row][\/et_pb_section][et_pb_section fb_built=\u00a0\u00bb1&Prime; admin_label=\u00a0\u00bbBANDEAU CONTACT\u00a0\u00bb _builder_version=\u00a0\u00bb4.16&Prime; custom_padding=\u00a0\u00bb0|0px|50px|0px|false|false\u00a0\u00bb collapsed=\u00a0\u00bbon\u00a0\u00bb global_colors_info=\u00a0\u00bb{}\u00a0\u00bb][et_pb_row admin_label=\u00a0\u00bbC T A\u00a0\u00bb _builder_version=\u00a0\u00bb4.16&Prime; custom_padding=\u00a0\u00bb0|0px|0|0px|false|false\u00a0\u00bb global_colors_info=\u00a0\u00bb{}\u00a0\u00bb][et_pb_column type=\u00a0\u00bb4_4&Prime; _builder_version=\u00a0\u00bb4.16&Prime; custom_padding=\u00a0\u00bb|||\u00a0\u00bb global_colors_info=\u00a0\u00bb{}\u00a0\u00bb custom_padding__hover=\u00a0\u00bb|||\u00a0\u00bb][et_pb_cta title=\u00a0\u00bbPour prendre rendez-vous, appelez-moi au 06 15 57 72 97&Prime; _builder_version=\u00a0\u00bb4.23.1&Prime; header_font=\u00a0\u00bbMontserrat|600||on|||||\u00a0\u00bb header_text_align=\u00a0\u00bbcenter\u00a0\u00bb header_font_size=\u00a0\u00bb22px\u00a0\u00bb header_line_height=\u00a0\u00bb1.2em\u00a0\u00bb background_color=\u00a0\u00bb#dabb71&Prime; background_image=\u00a0\u00bbhttps:\/\/djohar-feddi.fr\/wp-content\/uploads\/2023\/12\/gabriel-jimenez-150063-unsplash-4-scaled.jpg\u00a0\u00bb custom_padding=\u00a0\u00bb58px|||\u00a0\u00bb global_colors_info=\u00a0\u00bb{}\u00a0\u00bb button_text_size__hover_enabled=\u00a0\u00bboff\u00a0\u00bb button_one_text_size__hover_enabled=\u00a0\u00bboff\u00a0\u00bb button_two_text_size__hover_enabled=\u00a0\u00bboff\u00a0\u00bb button_text_color__hover_enabled=\u00a0\u00bboff\u00a0\u00bb button_one_text_color__hover_enabled=\u00a0\u00bboff\u00a0\u00bb button_two_text_color__hover_enabled=\u00a0\u00bboff\u00a0\u00bb button_border_width__hover_enabled=\u00a0\u00bboff\u00a0\u00bb button_one_border_width__hover_enabled=\u00a0\u00bboff\u00a0\u00bb button_two_border_width__hover_enabled=\u00a0\u00bboff\u00a0\u00bb button_border_color__hover_enabled=\u00a0\u00bboff\u00a0\u00bb button_one_border_color__hover_enabled=\u00a0\u00bboff\u00a0\u00bb button_two_border_color__hover_enabled=\u00a0\u00bboff\u00a0\u00bb button_border_radius__hover_enabled=\u00a0\u00bboff\u00a0\u00bb button_one_border_radius__hover_enabled=\u00a0\u00bboff\u00a0\u00bb button_two_border_radius__hover_enabled=\u00a0\u00bboff\u00a0\u00bb button_letter_spacing__hover_enabled=\u00a0\u00bboff\u00a0\u00bb button_one_letter_spacing__hover_enabled=\u00a0\u00bboff\u00a0\u00bb button_two_letter_spacing__hover_enabled=\u00a0\u00bboff\u00a0\u00bb button_bg_color__hover_enabled=\u00a0\u00bboff\u00a0\u00bb button_one_bg_color__hover_enabled=\u00a0\u00bboff\u00a0\u00bb button_two_bg_color__hover_enabled=\u00a0\u00bboff\u00a0\u00bb][\/et_pb_cta][\/et_pb_column][\/et_pb_row][\/et_pb_section]\n","protected":false},"excerpt":{"rendered":"<p>\u00a0\u00bb QUE TON ALIMENT SOIT TA SEULE MEDECINE \u00ab\u00a0HippocrateLa di\u00e9t\u00e9tique chinoise\u00a0est, au m\u00eame titre que la respiration, la source principale de production de notre \u00e9nergie. Une mauvaise alimentation induit ainsi une \u00e9nergie de basse qualit\u00e9, n\u00e9faste pour la sant\u00e9 et la vitalit\u00e9.Selon les th\u00e9ories de L&rsquo;Energ\u00e9tique Traditionnelle Chinoise, tous les aliments ont des propri\u00e9t\u00e9s entrainant [&hellip;]<\/p>\n","protected":false},"author":1,"featured_media":0,"parent":0,"menu_order":0,"comment_status":"closed","ping_status":"closed","template":"","meta":{"_et_pb_use_builder":"on","_et_pb_old_content":"<!-- wp:divi\/placeholder \/-->","_et_gb_content_width":"","footnotes":""},"yoast_head":"<!-- This site is optimized with the Yoast SEO plugin v21.7 - https:\/\/yoast.com\/wordpress\/plugins\/seo\/ -->\n<title>Di\u00e9t\u00e9tique chinoise - Djohar Feddi - Energ\u00e9tique Traditionnelle Chinoise<\/title>\n<meta name=\"description\" content=\"La di\u00e9t\u00e9tique chinoise est, au m\u00eame titre que la respiration, la source principale de production de notre \u00e9nergie. Une mauvaise alimentation induit ainsi une \u00e9nergie de basse qualit\u00e9, n\u00e9faste pour la sant\u00e9 et la vitalit\u00e9.\" \/>\n<meta name=\"robots\" content=\"index, follow, max-snippet:-1, max-image-preview:large, max-video-preview:-1\" \/>\n<link rel=\"canonical\" href=\"https:\/\/djohar-feddi.fr\/index.php\/dietetique-chinoise\/\" \/>\n<meta property=\"og:locale\" content=\"fr_FR\" \/>\n<meta property=\"og:type\" content=\"article\" \/>\n<meta property=\"og:title\" content=\"Di\u00e9t\u00e9tique chinoise - Djohar Feddi - Energ\u00e9tique Traditionnelle Chinoise\" \/>\n<meta property=\"og:description\" content=\"La di\u00e9t\u00e9tique chinoise est, au m\u00eame titre que la respiration, la source principale de production de notre \u00e9nergie. Une mauvaise alimentation induit ainsi une \u00e9nergie de basse qualit\u00e9, n\u00e9faste pour la sant\u00e9 et la vitalit\u00e9.\" \/>\n<meta property=\"og:url\" content=\"https:\/\/djohar-feddi.fr\/index.php\/dietetique-chinoise\/\" \/>\n<meta property=\"og:site_name\" content=\"Djohar Feddi - Energ\u00e9tique Traditionnelle Chinoise\" \/>\n<meta property=\"article:modified_time\" content=\"2023-12-18T15:24:27+00:00\" \/>\n<meta property=\"og:image\" content=\"https:\/\/djohar-feddi.fr\/wp-content\/uploads\/2023\/12\/logoV2.jpg\" \/>\n\t<meta property=\"og:image:width\" content=\"1501\" \/>\n\t<meta property=\"og:image:height\" content=\"769\" \/>\n\t<meta property=\"og:image:type\" content=\"image\/jpeg\" \/>\n<meta name=\"twitter:card\" content=\"summary_large_image\" \/>\n<meta name=\"twitter:label1\" content=\"Dur\u00e9e de lecture estim\u00e9e\" \/>\n\t<meta name=\"twitter:data1\" content=\"2 minutes\" \/>\n<script type=\"application\/ld+json\" class=\"yoast-schema-graph\">{\"@context\":\"https:\/\/schema.org\",\"@graph\":[{\"@type\":\"WebPage\",\"@id\":\"https:\/\/djohar-feddi.fr\/index.php\/dietetique-chinoise\/\",\"url\":\"https:\/\/djohar-feddi.fr\/index.php\/dietetique-chinoise\/\",\"name\":\"Di\u00e9t\u00e9tique chinoise - Djohar Feddi - Energ\u00e9tique Traditionnelle Chinoise\",\"isPartOf\":{\"@id\":\"https:\/\/djohar-feddi.fr\/#website\"},\"datePublished\":\"2023-12-11T17:15:12+00:00\",\"dateModified\":\"2023-12-18T15:24:27+00:00\",\"description\":\"La di\u00e9t\u00e9tique chinoise est, au m\u00eame titre que la respiration, la source principale de production de notre \u00e9nergie. Une mauvaise alimentation induit ainsi une \u00e9nergie de basse qualit\u00e9, n\u00e9faste pour la sant\u00e9 et la vitalit\u00e9.\",\"breadcrumb\":{\"@id\":\"https:\/\/djohar-feddi.fr\/index.php\/dietetique-chinoise\/#breadcrumb\"},\"inLanguage\":\"fr-FR\",\"potentialAction\":[{\"@type\":\"ReadAction\",\"target\":[\"https:\/\/djohar-feddi.fr\/index.php\/dietetique-chinoise\/\"]}]},{\"@type\":\"BreadcrumbList\",\"@id\":\"https:\/\/djohar-feddi.fr\/index.php\/dietetique-chinoise\/#breadcrumb\",\"itemListElement\":[{\"@type\":\"ListItem\",\"position\":1,\"name\":\"Accueil\",\"item\":\"https:\/\/djohar-feddi.fr\/\"},{\"@type\":\"ListItem\",\"position\":2,\"name\":\"Di\u00e9t\u00e9tique chinoise\"}]},{\"@type\":\"WebSite\",\"@id\":\"https:\/\/djohar-feddi.fr\/#website\",\"url\":\"https:\/\/djohar-feddi.fr\/\",\"name\":\"Djohar Feddi - Energ\u00e9tique Traditionnelle Chinoise\",\"description\":\"Energ\u00e9tique Traditionnelle Chinoise\",\"publisher\":{\"@id\":\"https:\/\/djohar-feddi.fr\/#\/schema\/person\/7ac2f875614c3fd36ca68956fd995263\"},\"potentialAction\":[{\"@type\":\"SearchAction\",\"target\":{\"@type\":\"EntryPoint\",\"urlTemplate\":\"https:\/\/djohar-feddi.fr\/?s={search_term_string}\"},\"query-input\":\"required name=search_term_string\"}],\"inLanguage\":\"fr-FR\"},{\"@type\":[\"Person\",\"Organization\"],\"@id\":\"https:\/\/djohar-feddi.fr\/#\/schema\/person\/7ac2f875614c3fd36ca68956fd995263\",\"name\":\"DJOHAR FEDDI\",\"image\":{\"@type\":\"ImageObject\",\"inLanguage\":\"fr-FR\",\"@id\":\"https:\/\/djohar-feddi.fr\/#\/schema\/person\/image\/\",\"url\":\"https:\/\/djohar-feddi.fr\/wp-content\/uploads\/2023\/12\/logoV2.jpg\",\"contentUrl\":\"https:\/\/djohar-feddi.fr\/wp-content\/uploads\/2023\/12\/logoV2.jpg\",\"width\":1501,\"height\":769,\"caption\":\"DJOHAR FEDDI\"},\"logo\":{\"@id\":\"https:\/\/djohar-feddi.fr\/#\/schema\/person\/image\/\"},\"sameAs\":[\"http:\/\/djohar-feddi.fr\"]}]}<\/script>\n<!-- \/ Yoast SEO plugin. -->","yoast_head_json":{"title":"Di\u00e9t\u00e9tique chinoise - Djohar Feddi - Energ\u00e9tique Traditionnelle Chinoise","description":"La di\u00e9t\u00e9tique chinoise est, au m\u00eame titre que la respiration, la source principale de production de notre \u00e9nergie. Une mauvaise alimentation induit ainsi une \u00e9nergie de basse qualit\u00e9, n\u00e9faste pour la sant\u00e9 et la vitalit\u00e9.","robots":{"index":"index","follow":"follow","max-snippet":"max-snippet:-1","max-image-preview":"max-image-preview:large","max-video-preview":"max-video-preview:-1"},"canonical":"https:\/\/djohar-feddi.fr\/index.php\/dietetique-chinoise\/","og_locale":"fr_FR","og_type":"article","og_title":"Di\u00e9t\u00e9tique chinoise - Djohar Feddi - Energ\u00e9tique Traditionnelle Chinoise","og_description":"La di\u00e9t\u00e9tique chinoise est, au m\u00eame titre que la respiration, la source principale de production de notre \u00e9nergie. Une mauvaise alimentation induit ainsi une \u00e9nergie de basse qualit\u00e9, n\u00e9faste pour la sant\u00e9 et la vitalit\u00e9.","og_url":"https:\/\/djohar-feddi.fr\/index.php\/dietetique-chinoise\/","og_site_name":"Djohar Feddi - Energ\u00e9tique Traditionnelle Chinoise","article_modified_time":"2023-12-18T15:24:27+00:00","og_image":[{"width":1501,"height":769,"url":"https:\/\/djohar-feddi.fr\/wp-content\/uploads\/2023\/12\/logoV2.jpg","type":"image\/jpeg"}],"twitter_card":"summary_large_image","twitter_misc":{"Dur\u00e9e de lecture estim\u00e9e":"2 minutes"},"schema":{"@context":"https:\/\/schema.org","@graph":[{"@type":"WebPage","@id":"https:\/\/djohar-feddi.fr\/index.php\/dietetique-chinoise\/","url":"https:\/\/djohar-feddi.fr\/index.php\/dietetique-chinoise\/","name":"Di\u00e9t\u00e9tique chinoise - Djohar Feddi - Energ\u00e9tique Traditionnelle Chinoise","isPartOf":{"@id":"https:\/\/djohar-feddi.fr\/#website"},"datePublished":"2023-12-11T17:15:12+00:00","dateModified":"2023-12-18T15:24:27+00:00","description":"La di\u00e9t\u00e9tique chinoise est, au m\u00eame titre que la respiration, la source principale de production de notre \u00e9nergie. Une mauvaise alimentation induit ainsi une \u00e9nergie de basse qualit\u00e9, n\u00e9faste pour la sant\u00e9 et la vitalit\u00e9.","breadcrumb":{"@id":"https:\/\/djohar-feddi.fr\/index.php\/dietetique-chinoise\/#breadcrumb"},"inLanguage":"fr-FR","potentialAction":[{"@type":"ReadAction","target":["https:\/\/djohar-feddi.fr\/index.php\/dietetique-chinoise\/"]}]},{"@type":"BreadcrumbList","@id":"https:\/\/djohar-feddi.fr\/index.php\/dietetique-chinoise\/#breadcrumb","itemListElement":[{"@type":"ListItem","position":1,"name":"Accueil","item":"https:\/\/djohar-feddi.fr\/"},{"@type":"ListItem","position":2,"name":"Di\u00e9t\u00e9tique chinoise"}]},{"@type":"WebSite","@id":"https:\/\/djohar-feddi.fr\/#website","url":"https:\/\/djohar-feddi.fr\/","name":"Djohar Feddi - Energ\u00e9tique Traditionnelle Chinoise","description":"Energ\u00e9tique Traditionnelle Chinoise","publisher":{"@id":"https:\/\/djohar-feddi.fr\/#\/schema\/person\/7ac2f875614c3fd36ca68956fd995263"},"potentialAction":[{"@type":"SearchAction","target":{"@type":"EntryPoint","urlTemplate":"https:\/\/djohar-feddi.fr\/?s={search_term_string}"},"query-input":"required name=search_term_string"}],"inLanguage":"fr-FR"},{"@type":["Person","Organization"],"@id":"https:\/\/djohar-feddi.fr\/#\/schema\/person\/7ac2f875614c3fd36ca68956fd995263","name":"DJOHAR FEDDI","image":{"@type":"ImageObject","inLanguage":"fr-FR","@id":"https:\/\/djohar-feddi.fr\/#\/schema\/person\/image\/","url":"https:\/\/djohar-feddi.fr\/wp-content\/uploads\/2023\/12\/logoV2.jpg","contentUrl":"https:\/\/djohar-feddi.fr\/wp-content\/uploads\/2023\/12\/logoV2.jpg","width":1501,"height":769,"caption":"DJOHAR FEDDI"},"logo":{"@id":"https:\/\/djohar-feddi.fr\/#\/schema\/person\/image\/"},"sameAs":["http:\/\/djohar-feddi.fr"]}]}},"_links":{"self":[{"href":"https:\/\/djohar-feddi.fr\/index.php\/wp-json\/wp\/v2\/pages\/36"}],"collection":[{"href":"https:\/\/djohar-feddi.fr\/index.php\/wp-json\/wp\/v2\/pages"}],"about":[{"href":"https:\/\/djohar-feddi.fr\/index.php\/wp-json\/wp\/v2\/types\/page"}],"author":[{"embeddable":true,"href":"https:\/\/djohar-feddi.fr\/index.php\/wp-json\/wp\/v2\/users\/1"}],"replies":[{"embeddable":true,"href":"https:\/\/djohar-feddi.fr\/index.php\/wp-json\/wp\/v2\/comments?post=36"}],"version-history":[{"count":11,"href":"https:\/\/djohar-feddi.fr\/index.php\/wp-json\/wp\/v2\/pages\/36\/revisions"}],"predecessor-version":[{"id":284,"href":"https:\/\/djohar-feddi.fr\/index.php\/wp-json\/wp\/v2\/pages\/36\/revisions\/284"}],"wp:attachment":[{"href":"https:\/\/djohar-feddi.fr\/index.php\/wp-json\/wp\/v2\/media?parent=36"}],"curies":[{"name":"wp","href":"https:\/\/api.w.org\/{rel}","templated":true}]}}