{"id":44,"date":"2023-12-11T18:16:46","date_gmt":"2023-12-11T17:16:46","guid":{"rendered":"https:\/\/djohar-feddi.fr\/?page_id=44"},"modified":"2023-12-18T16:28:25","modified_gmt":"2023-12-18T15:28:25","slug":"qui-suis-je","status":"publish","type":"page","link":"https:\/\/djohar-feddi.fr\/index.php\/qui-suis-je\/","title":{"rendered":"Qui suis-je ?"},"content":{"rendered":"\n[et_pb_section fb_built=\u00a0\u00bb1&Prime; _builder_version=\u00a0\u00bb4.16&Prime; background_image=\u00a0\u00bbhttps:\/\/djohar-feddi.fr\/wp-content\/uploads\/2023\/12\/jack-cain-442284-unsplash.jpg\u00a0\u00bb parallax=\u00a0\u00bbon\u00a0\u00bb custom_padding=\u00a0\u00bb52.875px|0px|49px|0px|false|false\u00a0\u00bb global_colors_info=\u00a0\u00bb{}\u00a0\u00bb][et_pb_row column_structure=\u00a0\u00bb1_2,1_2&Prime; _builder_version=\u00a0\u00bb4.16&Prime; background_color=\u00a0\u00bbrgba(0,0,0,0.51)\u00a0\u00bb global_colors_info=\u00a0\u00bb{}\u00a0\u00bb][et_pb_column type=\u00a0\u00bb1_2&Prime; _builder_version=\u00a0\u00bb4.16&Prime; custom_padding=\u00a0\u00bb|||\u00a0\u00bb global_colors_info=\u00a0\u00bb{}\u00a0\u00bb custom_padding__hover=\u00a0\u00bb|||\u00a0\u00bb][et_pb_text _builder_version=\u00a0\u00bb4.16&Prime; text_font=\u00a0\u00bbMontserrat||||||||\u00a0\u00bb text_text_color=\u00a0\u00bb#ffffff\u00a0\u00bb custom_margin=\u00a0\u00bb56px|||11px\u00a0\u00bb custom_margin_tablet=\u00a0\u00bb|20px||20px\u00a0\u00bb custom_margin_phone=\u00a0\u00bb\u00a0\u00bb custom_margin_last_edited=\u00a0\u00bbon|phone\u00a0\u00bb global_colors_info=\u00a0\u00bb{}\u00a0\u00bb]<p class=\"p1\" style=\"text-align: center\"><span class=\"s1\">Dipl\u00f4m\u00e9e de l&rsquo;Institut des Techniques Hospitali\u00e8res de Tournai (ITEHO Jeanne d\u2019Arc) en juin 1998, j&rsquo;ai pratiqu\u00e9 avec passion mon m\u00e9tier d&rsquo;infirmi\u00e8re en h\u00f4pital et ensuite 15 ann\u00e9es en lib\u00e9ral.<\/span><\/p>\n<p class=\"p1\" style=\"text-align: center\"><span class=\"s1\">Ces ann\u00e9es d&rsquo;exp\u00e9riences professionnelles ont \u00e9t\u00e9 riches d\u2019enseignement et de rencontres\u00a0; la n\u00e9cessit\u00e9 de continuer \u00e0 se former constamment mais aussi, et je dirais surtout, ces \u00e9changes humains ont \u00e9t\u00e9 essentiels dans le cadre de la pratique de mon m\u00e9tier.<\/span><\/p>[\/et_pb_text][\/et_pb_column][et_pb_column type=\u00a0\u00bb1_2&Prime; _builder_version=\u00a0\u00bb4.16&Prime; custom_padding=\u00a0\u00bb|||\u00a0\u00bb global_colors_info=\u00a0\u00bb{}\u00a0\u00bb custom_padding__hover=\u00a0\u00bb|||\u00a0\u00bb][et_pb_image src=\u00a0\u00bbhttps:\/\/djohar-feddi.fr\/wp-content\/uploads\/2023\/12\/djohar.jpg\u00a0\u00bb align_tablet=\u00a0\u00bbcenter\u00a0\u00bb align_phone=\u00a0\u00bbcenter\u00a0\u00bb align_last_edited=\u00a0\u00bbon|desktop\u00a0\u00bb _builder_version=\u00a0\u00bb4.23.1&Prime; max_width=\u00a0\u00bb67%\u00a0\u00bb custom_margin=\u00a0\u00bb|20px||\u00a0\u00bb custom_margin_tablet=\u00a0\u00bb\u00a0\u00bb custom_margin_phone=\u00a0\u00bb\u00a0\u00bb custom_margin_last_edited=\u00a0\u00bbon|tablet\u00a0\u00bb hover_enabled=\u00a0\u00bb0&Prime; global_colors_info=\u00a0\u00bb{}\u00a0\u00bb title_text=\u00a0\u00bbdjohar\u00a0\u00bb sticky_enabled=\u00a0\u00bb0&Prime;][\/et_pb_image][\/et_pb_column][\/et_pb_row][\/et_pb_section][et_pb_section fb_built=\u00a0\u00bb1&Prime; _builder_version=\u00a0\u00bb4.16&Prime; global_colors_info=\u00a0\u00bb{}\u00a0\u00bb][et_pb_row column_structure=\u00a0\u00bb1_2,1_4,1_4&Prime; _builder_version=\u00a0\u00bb4.16&Prime; global_colors_info=\u00a0\u00bb{}\u00a0\u00bb][et_pb_column type=\u00a0\u00bb1_2&Prime; _builder_version=\u00a0\u00bb4.16&Prime; custom_padding=\u00a0\u00bb|||\u00a0\u00bb global_colors_info=\u00a0\u00bb{}\u00a0\u00bb custom_padding__hover=\u00a0\u00bb|||\u00a0\u00bb][et_pb_text _builder_version=\u00a0\u00bb4.16&Prime; global_colors_info=\u00a0\u00bb{}\u00a0\u00bb]<p class=\"p1\" style=\"text-align: justify\"><span style=\"font-size: 14px\">J\u2019ai vite senti le besoin d&rsquo;ajouter d&rsquo;autres cordes \u00e0 mon arc et c&rsquo;est une rencontre avec un m\u00e9decin acupuncteur, qui m\u2019a interpell\u00e9e, voire m\u00eame boulevers\u00e9e.<\/span><\/p>\n<p class=\"p1\" style=\"text-align: justify\"><span class=\"s1\">Quelques ann\u00e9es plus tard, j\u2019entamais mes \u00e9tudes d&rsquo;Energ\u00e9tique Traditionnelle Chinoise \u00e0 la Facult\u00e9 Libre d&rsquo;Energ\u00e9tique Traditionnelle Chinoise de LILLE (FLETC).<\/span><\/p>\n<p class=\"p1\" style=\"text-align: justify\"><span class=\"s1\">J\u2019ai compl\u00e9t\u00e9 ma formation d&rsquo;Energ\u00e9tique Traditionnelle Chinoise par l&rsquo;\u00e9tude, pendant 2 ans aupr\u00e8s du Dr Simmler \u00e0 Strasbourg, de l\u2019Acupunture Spatio Temporelle.<\/span><\/p>\n<p class=\"p1\" style=\"text-align: justify\"><span class=\"s1\">Ma formation param\u00e9dicale mais aussi traditionnelle chinoise, me permet d&rsquo;avoir une double lecture des pathologies que je rencontre en cabinet\u00a0; tout \u00e0 fait compl\u00e9mentaires, ces deux disciplines restent absolument passionnantes .<\/span><\/p>[\/et_pb_text][\/et_pb_column][et_pb_column type=\u00a0\u00bb1_4&Prime; _builder_version=\u00a0\u00bb4.16&Prime; custom_padding=\u00a0\u00bb|||\u00a0\u00bb global_colors_info=\u00a0\u00bb{}\u00a0\u00bb custom_padding__hover=\u00a0\u00bb|||\u00a0\u00bb][et_pb_image src=\u00a0\u00bbhttps:\/\/djohar-feddi.fr\/wp-content\/uploads\/2023\/12\/diplome1_OK.jpg\u00a0\u00bb show_in_lightbox=\u00a0\u00bbon\u00a0\u00bb align_tablet=\u00a0\u00bbcenter\u00a0\u00bb align_phone=\u00a0\u00bbcenter\u00a0\u00bb align_last_edited=\u00a0\u00bbon|desktop\u00a0\u00bb _builder_version=\u00a0\u00bb4.23.1&Prime; hover_enabled=\u00a0\u00bb0&Prime; global_colors_info=\u00a0\u00bb{}\u00a0\u00bb title_text=\u00a0\u00bbdiplome1_OK\u00a0\u00bb sticky_enabled=\u00a0\u00bb0&Prime;][\/et_pb_image][et_pb_image src=\u00a0\u00bbhttps:\/\/djohar-feddi.fr\/wp-content\/uploads\/2023\/12\/diplome3_OK.jpg\u00a0\u00bb show_in_lightbox=\u00a0\u00bbon\u00a0\u00bb align_tablet=\u00a0\u00bbcenter\u00a0\u00bb align_phone=\u00a0\u00bbcenter\u00a0\u00bb align_last_edited=\u00a0\u00bbon|desktop\u00a0\u00bb _builder_version=\u00a0\u00bb4.23.1&Prime; hover_enabled=\u00a0\u00bb0&Prime; global_colors_info=\u00a0\u00bb{}\u00a0\u00bb title_text=\u00a0\u00bbdiplome3_OK\u00a0\u00bb sticky_enabled=\u00a0\u00bb0&Prime;][\/et_pb_image][\/et_pb_column][et_pb_column type=\u00a0\u00bb1_4&Prime; _builder_version=\u00a0\u00bb4.16&Prime; custom_padding=\u00a0\u00bb|||\u00a0\u00bb global_colors_info=\u00a0\u00bb{}\u00a0\u00bb custom_padding__hover=\u00a0\u00bb|||\u00a0\u00bb][et_pb_image src=\u00a0\u00bbhttps:\/\/djohar-feddi.fr\/wp-content\/uploads\/2023\/12\/diplome2_OK.jpg\u00a0\u00bb show_in_lightbox=\u00a0\u00bbon\u00a0\u00bb align_tablet=\u00a0\u00bbcenter\u00a0\u00bb align_phone=\u00a0\u00bbcenter\u00a0\u00bb align_last_edited=\u00a0\u00bbon|desktop\u00a0\u00bb _builder_version=\u00a0\u00bb4.23.1&Prime; hover_enabled=\u00a0\u00bb0&Prime; global_colors_info=\u00a0\u00bb{}\u00a0\u00bb title_text=\u00a0\u00bbdiplome2_OK\u00a0\u00bb sticky_enabled=\u00a0\u00bb0&Prime;][\/et_pb_image][et_pb_image src=\u00a0\u00bbhttps:\/\/djohar-feddi.fr\/wp-content\/uploads\/2023\/12\/diplome4_OK.jpg\u00a0\u00bb show_in_lightbox=\u00a0\u00bbon\u00a0\u00bb align_tablet=\u00a0\u00bbcenter\u00a0\u00bb align_phone=\u00a0\u00bbcenter\u00a0\u00bb align_last_edited=\u00a0\u00bbon|desktop\u00a0\u00bb _builder_version=\u00a0\u00bb4.23.1&Prime; hover_enabled=\u00a0\u00bb0&Prime; global_colors_info=\u00a0\u00bb{}\u00a0\u00bb title_text=\u00a0\u00bbdiplome4_OK\u00a0\u00bb sticky_enabled=\u00a0\u00bb0&Prime;][\/et_pb_image][\/et_pb_column][\/et_pb_row][\/et_pb_section]\n","protected":false},"excerpt":{"rendered":"<p>Dipl\u00f4m\u00e9e de l&rsquo;Institut des Techniques Hospitali\u00e8res de Tournai (ITEHO Jeanne d\u2019Arc) en juin 1998, j&rsquo;ai pratiqu\u00e9 avec passion mon m\u00e9tier d&rsquo;infirmi\u00e8re en h\u00f4pital et ensuite 15 ann\u00e9es en lib\u00e9ral. Ces ann\u00e9es d&rsquo;exp\u00e9riences professionnelles ont \u00e9t\u00e9 riches d\u2019enseignement et de rencontres\u00a0; la n\u00e9cessit\u00e9 de continuer \u00e0 se former constamment mais aussi, et je dirais surtout, ces [&hellip;]<\/p>\n","protected":false},"author":1,"featured_media":0,"parent":0,"menu_order":0,"comment_status":"closed","ping_status":"closed","template":"","meta":{"_et_pb_use_builder":"on","_et_pb_old_content":"<!-- wp:divi\/placeholder \/-->","_et_gb_content_width":"","footnotes":""},"yoast_head":"<!-- This site is optimized with the Yoast SEO plugin v21.7 - https:\/\/yoast.com\/wordpress\/plugins\/seo\/ -->\n<title>Qui suis-je ? - Djohar Feddi - Energ\u00e9tique Traditionnelle Chinoise<\/title>\n<meta name=\"description\" content=\"J\u2019ai entam\u00e9 mes \u00e9tudes d\u2019Energ\u00e9tique Traditionnelle Chinoise \u00e0 la Facult\u00e9 Libre d\u2019Energ\u00e9tique Traditionnelle Chinoise de LILLE apr\u00e8s avoir pratiqu\u00e9 avec passion mon m\u00e9tier d\u2019infirmi\u00e8re en h\u00f4pital et ensuite 15 ann\u00e9es en lib\u00e9ral\" \/>\n<meta name=\"robots\" content=\"index, follow, max-snippet:-1, max-image-preview:large, max-video-preview:-1\" \/>\n<link rel=\"canonical\" href=\"https:\/\/djohar-feddi.fr\/index.php\/qui-suis-je\/\" \/>\n<meta property=\"og:locale\" content=\"fr_FR\" \/>\n<meta property=\"og:type\" content=\"article\" \/>\n<meta property=\"og:title\" content=\"Qui suis-je ? - Djohar Feddi - Energ\u00e9tique Traditionnelle Chinoise\" \/>\n<meta property=\"og:description\" content=\"J\u2019ai entam\u00e9 mes \u00e9tudes d\u2019Energ\u00e9tique Traditionnelle Chinoise \u00e0 la Facult\u00e9 Libre d\u2019Energ\u00e9tique Traditionnelle Chinoise de LILLE apr\u00e8s avoir pratiqu\u00e9 avec passion mon m\u00e9tier d\u2019infirmi\u00e8re en h\u00f4pital et ensuite 15 ann\u00e9es en lib\u00e9ral\" \/>\n<meta property=\"og:url\" content=\"https:\/\/djohar-feddi.fr\/index.php\/qui-suis-je\/\" \/>\n<meta property=\"og:site_name\" content=\"Djohar Feddi - Energ\u00e9tique Traditionnelle Chinoise\" \/>\n<meta property=\"article:modified_time\" content=\"2023-12-18T15:28:25+00:00\" \/>\n<meta property=\"og:image\" content=\"https:\/\/djohar-feddi.fr\/wp-content\/uploads\/2023\/12\/logoV2.jpg\" \/>\n\t<meta property=\"og:image:width\" content=\"1501\" \/>\n\t<meta property=\"og:image:height\" content=\"769\" \/>\n\t<meta property=\"og:image:type\" content=\"image\/jpeg\" \/>\n<meta name=\"twitter:card\" content=\"summary_large_image\" \/>\n<meta name=\"twitter:label1\" content=\"Dur\u00e9e de lecture estim\u00e9e\" \/>\n\t<meta name=\"twitter:data1\" content=\"2 minutes\" \/>\n<script type=\"application\/ld+json\" class=\"yoast-schema-graph\">{\"@context\":\"https:\/\/schema.org\",\"@graph\":[{\"@type\":\"WebPage\",\"@id\":\"https:\/\/djohar-feddi.fr\/index.php\/qui-suis-je\/\",\"url\":\"https:\/\/djohar-feddi.fr\/index.php\/qui-suis-je\/\",\"name\":\"Qui suis-je ? - Djohar Feddi - Energ\u00e9tique Traditionnelle Chinoise\",\"isPartOf\":{\"@id\":\"https:\/\/djohar-feddi.fr\/#website\"},\"datePublished\":\"2023-12-11T17:16:46+00:00\",\"dateModified\":\"2023-12-18T15:28:25+00:00\",\"description\":\"J\u2019ai entam\u00e9 mes \u00e9tudes d\u2019Energ\u00e9tique Traditionnelle Chinoise \u00e0 la Facult\u00e9 Libre d\u2019Energ\u00e9tique Traditionnelle Chinoise de LILLE apr\u00e8s avoir pratiqu\u00e9 avec passion mon m\u00e9tier d\u2019infirmi\u00e8re en h\u00f4pital et ensuite 15 ann\u00e9es en lib\u00e9ral\",\"breadcrumb\":{\"@id\":\"https:\/\/djohar-feddi.fr\/index.php\/qui-suis-je\/#breadcrumb\"},\"inLanguage\":\"fr-FR\",\"potentialAction\":[{\"@type\":\"ReadAction\",\"target\":[\"https:\/\/djohar-feddi.fr\/index.php\/qui-suis-je\/\"]}]},{\"@type\":\"BreadcrumbList\",\"@id\":\"https:\/\/djohar-feddi.fr\/index.php\/qui-suis-je\/#breadcrumb\",\"itemListElement\":[{\"@type\":\"ListItem\",\"position\":1,\"name\":\"Accueil\",\"item\":\"https:\/\/djohar-feddi.fr\/\"},{\"@type\":\"ListItem\",\"position\":2,\"name\":\"Qui suis-je ?\"}]},{\"@type\":\"WebSite\",\"@id\":\"https:\/\/djohar-feddi.fr\/#website\",\"url\":\"https:\/\/djohar-feddi.fr\/\",\"name\":\"Djohar Feddi - Energ\u00e9tique Traditionnelle Chinoise\",\"description\":\"Energ\u00e9tique Traditionnelle Chinoise\",\"publisher\":{\"@id\":\"https:\/\/djohar-feddi.fr\/#\/schema\/person\/7ac2f875614c3fd36ca68956fd995263\"},\"potentialAction\":[{\"@type\":\"SearchAction\",\"target\":{\"@type\":\"EntryPoint\",\"urlTemplate\":\"https:\/\/djohar-feddi.fr\/?s={search_term_string}\"},\"query-input\":\"required name=search_term_string\"}],\"inLanguage\":\"fr-FR\"},{\"@type\":[\"Person\",\"Organization\"],\"@id\":\"https:\/\/djohar-feddi.fr\/#\/schema\/person\/7ac2f875614c3fd36ca68956fd995263\",\"name\":\"DJOHAR FEDDI\",\"image\":{\"@type\":\"ImageObject\",\"inLanguage\":\"fr-FR\",\"@id\":\"https:\/\/djohar-feddi.fr\/#\/schema\/person\/image\/\",\"url\":\"https:\/\/djohar-feddi.fr\/wp-content\/uploads\/2023\/12\/logoV2.jpg\",\"contentUrl\":\"https:\/\/djohar-feddi.fr\/wp-content\/uploads\/2023\/12\/logoV2.jpg\",\"width\":1501,\"height\":769,\"caption\":\"DJOHAR FEDDI\"},\"logo\":{\"@id\":\"https:\/\/djohar-feddi.fr\/#\/schema\/person\/image\/\"},\"sameAs\":[\"http:\/\/djohar-feddi.fr\"]}]}<\/script>\n<!-- \/ Yoast SEO plugin. -->","yoast_head_json":{"title":"Qui suis-je ? - Djohar Feddi - Energ\u00e9tique Traditionnelle Chinoise","description":"J\u2019ai entam\u00e9 mes \u00e9tudes d\u2019Energ\u00e9tique Traditionnelle Chinoise \u00e0 la Facult\u00e9 Libre d\u2019Energ\u00e9tique Traditionnelle Chinoise de LILLE apr\u00e8s avoir pratiqu\u00e9 avec passion mon m\u00e9tier d\u2019infirmi\u00e8re en h\u00f4pital et ensuite 15 ann\u00e9es en lib\u00e9ral","robots":{"index":"index","follow":"follow","max-snippet":"max-snippet:-1","max-image-preview":"max-image-preview:large","max-video-preview":"max-video-preview:-1"},"canonical":"https:\/\/djohar-feddi.fr\/index.php\/qui-suis-je\/","og_locale":"fr_FR","og_type":"article","og_title":"Qui suis-je ? - Djohar Feddi - Energ\u00e9tique Traditionnelle Chinoise","og_description":"J\u2019ai entam\u00e9 mes \u00e9tudes d\u2019Energ\u00e9tique Traditionnelle Chinoise \u00e0 la Facult\u00e9 Libre d\u2019Energ\u00e9tique Traditionnelle Chinoise de LILLE apr\u00e8s avoir pratiqu\u00e9 avec passion mon m\u00e9tier d\u2019infirmi\u00e8re en h\u00f4pital et ensuite 15 ann\u00e9es en lib\u00e9ral","og_url":"https:\/\/djohar-feddi.fr\/index.php\/qui-suis-je\/","og_site_name":"Djohar Feddi - Energ\u00e9tique Traditionnelle Chinoise","article_modified_time":"2023-12-18T15:28:25+00:00","og_image":[{"width":1501,"height":769,"url":"https:\/\/djohar-feddi.fr\/wp-content\/uploads\/2023\/12\/logoV2.jpg","type":"image\/jpeg"}],"twitter_card":"summary_large_image","twitter_misc":{"Dur\u00e9e de lecture estim\u00e9e":"2 minutes"},"schema":{"@context":"https:\/\/schema.org","@graph":[{"@type":"WebPage","@id":"https:\/\/djohar-feddi.fr\/index.php\/qui-suis-je\/","url":"https:\/\/djohar-feddi.fr\/index.php\/qui-suis-je\/","name":"Qui suis-je ? - Djohar Feddi - Energ\u00e9tique Traditionnelle Chinoise","isPartOf":{"@id":"https:\/\/djohar-feddi.fr\/#website"},"datePublished":"2023-12-11T17:16:46+00:00","dateModified":"2023-12-18T15:28:25+00:00","description":"J\u2019ai entam\u00e9 mes \u00e9tudes d\u2019Energ\u00e9tique Traditionnelle Chinoise \u00e0 la Facult\u00e9 Libre d\u2019Energ\u00e9tique Traditionnelle Chinoise de LILLE apr\u00e8s avoir pratiqu\u00e9 avec passion mon m\u00e9tier d\u2019infirmi\u00e8re en h\u00f4pital et ensuite 15 ann\u00e9es en lib\u00e9ral","breadcrumb":{"@id":"https:\/\/djohar-feddi.fr\/index.php\/qui-suis-je\/#breadcrumb"},"inLanguage":"fr-FR","potentialAction":[{"@type":"ReadAction","target":["https:\/\/djohar-feddi.fr\/index.php\/qui-suis-je\/"]}]},{"@type":"BreadcrumbList","@id":"https:\/\/djohar-feddi.fr\/index.php\/qui-suis-je\/#breadcrumb","itemListElement":[{"@type":"ListItem","position":1,"name":"Accueil","item":"https:\/\/djohar-feddi.fr\/"},{"@type":"ListItem","position":2,"name":"Qui suis-je ?"}]},{"@type":"WebSite","@id":"https:\/\/djohar-feddi.fr\/#website","url":"https:\/\/djohar-feddi.fr\/","name":"Djohar Feddi - Energ\u00e9tique Traditionnelle Chinoise","description":"Energ\u00e9tique Traditionnelle Chinoise","publisher":{"@id":"https:\/\/djohar-feddi.fr\/#\/schema\/person\/7ac2f875614c3fd36ca68956fd995263"},"potentialAction":[{"@type":"SearchAction","target":{"@type":"EntryPoint","urlTemplate":"https:\/\/djohar-feddi.fr\/?s={search_term_string}"},"query-input":"required name=search_term_string"}],"inLanguage":"fr-FR"},{"@type":["Person","Organization"],"@id":"https:\/\/djohar-feddi.fr\/#\/schema\/person\/7ac2f875614c3fd36ca68956fd995263","name":"DJOHAR FEDDI","image":{"@type":"ImageObject","inLanguage":"fr-FR","@id":"https:\/\/djohar-feddi.fr\/#\/schema\/person\/image\/","url":"https:\/\/djohar-feddi.fr\/wp-content\/uploads\/2023\/12\/logoV2.jpg","contentUrl":"https:\/\/djohar-feddi.fr\/wp-content\/uploads\/2023\/12\/logoV2.jpg","width":1501,"height":769,"caption":"DJOHAR FEDDI"},"logo":{"@id":"https:\/\/djohar-feddi.fr\/#\/schema\/person\/image\/"},"sameAs":["http:\/\/djohar-feddi.fr"]}]}},"_links":{"self":[{"href":"https:\/\/djohar-feddi.fr\/index.php\/wp-json\/wp\/v2\/pages\/44"}],"collection":[{"href":"https:\/\/djohar-feddi.fr\/index.php\/wp-json\/wp\/v2\/pages"}],"about":[{"href":"https:\/\/djohar-feddi.fr\/index.php\/wp-json\/wp\/v2\/types\/page"}],"author":[{"embeddable":true,"href":"https:\/\/djohar-feddi.fr\/index.php\/wp-json\/wp\/v2\/users\/1"}],"replies":[{"embeddable":true,"href":"https:\/\/djohar-feddi.fr\/index.php\/wp-json\/wp\/v2\/comments?post=44"}],"version-history":[{"count":6,"href":"https:\/\/djohar-feddi.fr\/index.php\/wp-json\/wp\/v2\/pages\/44\/revisions"}],"predecessor-version":[{"id":290,"href":"https:\/\/djohar-feddi.fr\/index.php\/wp-json\/wp\/v2\/pages\/44\/revisions\/290"}],"wp:attachment":[{"href":"https:\/\/djohar-feddi.fr\/index.php\/wp-json\/wp\/v2\/media?parent=44"}],"curies":[{"name":"wp","href":"https:\/\/api.w.org\/{rel}","templated":true}]}}