{"id":48,"date":"2023-12-11T18:17:21","date_gmt":"2023-12-11T17:17:21","guid":{"rendered":"https:\/\/djohar-feddi.fr\/?page_id=48"},"modified":"2023-12-18T16:29:12","modified_gmt":"2023-12-18T15:29:12","slug":"ventouses","status":"publish","type":"page","link":"https:\/\/djohar-feddi.fr\/index.php\/ventouses\/","title":{"rendered":"Ventouses"},"content":{"rendered":"\n[et_pb_section fb_built=\u00a0\u00bb1&Prime; admin_label=\u00a0\u00bbVISUEL BANDEAU\u00a0\u00bb _builder_version=\u00a0\u00bb4.16&Prime; background_image=\u00a0\u00bbhttps:\/\/djohar-feddi.fr\/wp-content\/uploads\/2023\/12\/erol-ahmed-80094-unsplash-scaled.jpg\u00a0\u00bb custom_padding=\u00a0\u00bb0|0px|69px|0px|false|false\u00a0\u00bb collapsed=\u00a0\u00bboff\u00a0\u00bb global_colors_info=\u00a0\u00bb{}\u00a0\u00bb][et_pb_row column_structure=\u00a0\u00bb1_2,1_2&Prime; admin_label=\u00a0\u00bbVisuel Bandeau\u00a0\u00bb _builder_version=\u00a0\u00bb4.16&Prime; background_color=\u00a0\u00bbrgba(255,255,255,0)\u00a0\u00bb custom_padding=\u00a0\u00bb0|0px|0|0px|false|false\u00a0\u00bb global_colors_info=\u00a0\u00bb{}\u00a0\u00bb][et_pb_column type=\u00a0\u00bb1_2&Prime; _builder_version=\u00a0\u00bb4.16&Prime; custom_padding=\u00a0\u00bb|||\u00a0\u00bb global_colors_info=\u00a0\u00bb{}\u00a0\u00bb custom_padding__hover=\u00a0\u00bb|||\u00a0\u00bb][et_pb_image align_tablet=\u00a0\u00bbcenter\u00a0\u00bb align_phone=\u00a0\u00bbcenter\u00a0\u00bb align_last_edited=\u00a0\u00bbon|desktop\u00a0\u00bb _builder_version=\u00a0\u00bb4.16&Prime; background_color=\u00a0\u00bbrgba(237,240,0,0)\u00a0\u00bb global_colors_info=\u00a0\u00bb{}\u00a0\u00bb][\/et_pb_image][et_pb_image align_tablet=\u00a0\u00bbcenter\u00a0\u00bb align_phone=\u00a0\u00bbcenter\u00a0\u00bb align_last_edited=\u00a0\u00bbon|desktop\u00a0\u00bb _builder_version=\u00a0\u00bb4.16&Prime; background_color=\u00a0\u00bbrgba(237,240,0,0)\u00a0\u00bb global_colors_info=\u00a0\u00bb{}\u00a0\u00bb][\/et_pb_image][et_pb_text content_tablet=\u00a0\u00bb<p style=%22text-align: center;%22>les ventouses.<br \/>Une m\u00e9thode ancestrale<\/p>\u00a0\u00bb content_phone=\u00a0\u00bb<p style=%22text-align: center;%22>les ventouses.<br \/>Une m\u00e9thode ancestrale<\/p>\u00a0\u00bb content_last_edited=\u00a0\u00bbon|phone\u00a0\u00bb admin_label=\u00a0\u00bbaccroche\u00a0\u00bb _builder_version=\u00a0\u00bb4.23.1&Prime; text_font=\u00a0\u00bbMontserrat|||on|||||\u00a0\u00bb text_text_color=\u00a0\u00bb#ffffff\u00a0\u00bb text_font_size=\u00a0\u00bb32px\u00a0\u00bb text_line_height=\u00a0\u00bb1em\u00a0\u00bb header_font=\u00a0\u00bb||||||||\u00a0\u00bb header_font_size=\u00a0\u00bb1px\u00a0\u00bb background_color=\u00a0\u00bbrgba(255,255,255,0)\u00a0\u00bb custom_margin=\u00a0\u00bb|||0px\u00a0\u00bb custom_padding=\u00a0\u00bb65px|15px|0px|15px\u00a0\u00bb custom_padding_tablet=\u00a0\u00bb32px|15px|32px|15px\u00a0\u00bb custom_padding_phone=\u00a0\u00bb32px|15px|32px|15px\u00a0\u00bb custom_padding_last_edited=\u00a0\u00bbon|desktop\u00a0\u00bb text_font_tablet=\u00a0\u00bbMontserrat|||on|||||\u00a0\u00bb text_font_phone=\u00a0\u00bbMontserrat|600||on|||||\u00a0\u00bb text_font_last_edited=\u00a0\u00bbon|phone\u00a0\u00bb global_colors_info=\u00a0\u00bb{}\u00a0\u00bb]<p style=\"text-align: center;\">les ventouses.<br \/>Une m\u00e9thode ancestrale<\/p>[\/et_pb_text][\/et_pb_column][et_pb_column type=\u00a0\u00bb1_2&Prime; _builder_version=\u00a0\u00bb4.16&Prime; custom_padding=\u00a0\u00bb|||\u00a0\u00bb global_colors_info=\u00a0\u00bb{}\u00a0\u00bb custom_padding__hover=\u00a0\u00bb|||\u00a0\u00bb][et_pb_image align_tablet=\u00a0\u00bbcenter\u00a0\u00bb align_phone=\u00a0\u00bbcenter\u00a0\u00bb align_last_edited=\u00a0\u00bbon|desktop\u00a0\u00bb _builder_version=\u00a0\u00bb4.16&Prime; background_color=\u00a0\u00bbrgba(237,240,0,0)\u00a0\u00bb global_colors_info=\u00a0\u00bb{}\u00a0\u00bb][\/et_pb_image][et_pb_text admin_label=\u00a0\u00bbintro\u00a0\u00bb _builder_version=\u00a0\u00bb4.23.1&Prime; text_font=\u00a0\u00bbMontserrat|600|||||||\u00a0\u00bb text_text_color=\u00a0\u00bb#ffffff\u00a0\u00bb text_line_height=\u00a0\u00bb1.8em\u00a0\u00bb background_color=\u00a0\u00bbrgba(255,255,255,0)\u00a0\u00bb text_orientation=\u00a0\u00bbcenter\u00a0\u00bb custom_margin=\u00a0\u00bb|||0px\u00a0\u00bb custom_padding=\u00a0\u00bb73px|15px|0px|15px\u00a0\u00bb custom_padding_tablet=\u00a0\u00bb32px|15px|32px|15px\u00a0\u00bb custom_padding_phone=\u00a0\u00bb32px|15px|32px|15px\u00a0\u00bb custom_padding_last_edited=\u00a0\u00bbon|desktop\u00a0\u00bb background_color_phone=\u00a0\u00bbrgba(0,0,0,0.36)\u00a0\u00bb background_last_edited=\u00a0\u00bbon|phone\u00a0\u00bb background_enable_color_phone=\u00a0\u00bbon\u00a0\u00bb global_colors_info=\u00a0\u00bb{}\u00a0\u00bb]<p class=\"p1\"><span class=\"s1\">Elles font partie int\u00e9grante de\u00a0L&rsquo;Energ\u00e9tique Traditionnelle Chinoise et existent depuis la haute antiquit\u00e9.<\/span><\/p>\n<p class=\"p1\"><span class=\"s1\">Elles sont utilis\u00e9es pour chasser les facteurs pathog\u00e8nes externes comme le froid, l&rsquo; humidit\u00e9 ou la chaleur, ainsi que pour am\u00e9liorer et acc\u00e9l\u00e9rer la circulation du sang et du Qi.<\/span><\/p>[\/et_pb_text][et_pb_image align_tablet=\u00a0\u00bbcenter\u00a0\u00bb align_phone=\u00a0\u00bbcenter\u00a0\u00bb align_last_edited=\u00a0\u00bbon|desktop\u00a0\u00bb _builder_version=\u00a0\u00bb4.16&Prime; global_colors_info=\u00a0\u00bb{}\u00a0\u00bb][\/et_pb_image][\/et_pb_column][\/et_pb_row][\/et_pb_section][et_pb_section fb_built=\u00a0\u00bb1&Prime; admin_label=\u00a0\u00bbINTRO \/ georgia italic\u00a0\u00bb _builder_version=\u00a0\u00bb4.16&Prime; custom_padding=\u00a0\u00bb0|0px|0|0px|false|false\u00a0\u00bb collapsed=\u00a0\u00bbon\u00a0\u00bb global_colors_info=\u00a0\u00bb{}\u00a0\u00bb][et_pb_row _builder_version=\u00a0\u00bb4.16&Prime; custom_padding=\u00a0\u00bb30px|0px|13px|0px|false|false\u00a0\u00bb collapsed=\u00a0\u00bboff\u00a0\u00bb global_colors_info=\u00a0\u00bb{}\u00a0\u00bb][et_pb_column type=\u00a0\u00bb4_4&Prime; _builder_version=\u00a0\u00bb4.16&Prime; custom_padding=\u00a0\u00bb|||\u00a0\u00bb global_colors_info=\u00a0\u00bb{}\u00a0\u00bb custom_padding__hover=\u00a0\u00bb|||\u00a0\u00bb][et_pb_text _builder_version=\u00a0\u00bb4.16&Prime; text_font=\u00a0\u00bbGeorgia||on||||||\u00a0\u00bb text_font_size=\u00a0\u00bb16px\u00a0\u00bb custom_padding=\u00a0\u00bb|200px||200px\u00a0\u00bb custom_padding_tablet=\u00a0\u00bb|100px||100px\u00a0\u00bb custom_padding_phone=\u00a0\u00bb|0px||0px\u00a0\u00bb custom_padding_last_edited=\u00a0\u00bbon|desktop\u00a0\u00bb animation_style=\u00a0\u00bbfade\u00a0\u00bb global_colors_info=\u00a0\u00bb{}\u00a0\u00bb]<p class=\"p1\" style=\"text-align: center\"><span class=\"s1\">Elles sont appliqu\u00e9es sur des points d\u2019acupuncture qui correspondent aux organes \u00e0 traiter ou sur des zones situ\u00e9es le long des m\u00e9ridiens. Par ailleurs, elles sont souvent appliqu\u00e9es sur le dos. Les ventouses sont chauff\u00e9es avant d\u2019\u00eatre appliqu\u00e9es sur le corps, on y ins\u00e8re une boule de ouate imbib\u00e9e d\u2019alcool et enflamm\u00e9e ; la flamme s\u2019\u00e9teint spontan\u00e9ment quand l\u2019air est consomm\u00e9. La ventouse est alors appliqu\u00e9e sur la peau et le refroidissement de la ventouse provoque un vide d\u2019air. <\/span><\/p>\n<p class=\"p1\" style=\"text-align: center\"><span class=\"s1\"> Cette m\u00e9thode th\u00e9rapeutique est combin\u00e9e au traitement par acupuncture et\/ou un massage et Tui Na. Cela d\u00e9pend de l\u2019affection et des sympt\u00f4mes du patient.<\/span><\/p>[\/et_pb_text][\/et_pb_column][\/et_pb_row][\/et_pb_section][et_pb_section fb_built=\u00a0\u00bb1&Prime; admin_label=\u00a0\u00bb2 VISUELS\u00a0\u00bb _builder_version=\u00a0\u00bb4.16&Prime; custom_padding=\u00a0\u00bb47px|0px|14px|0px|false|false\u00a0\u00bb collapsed=\u00a0\u00bbon\u00a0\u00bb global_colors_info=\u00a0\u00bb{}\u00a0\u00bb][et_pb_row column_structure=\u00a0\u00bb1_2,1_2&Prime; _builder_version=\u00a0\u00bb4.16&Prime; custom_padding=\u00a0\u00bb0|0px|26.125px|0px|false|false\u00a0\u00bb global_colors_info=\u00a0\u00bb{}\u00a0\u00bb][et_pb_column type=\u00a0\u00bb1_2&Prime; _builder_version=\u00a0\u00bb4.16&Prime; custom_padding=\u00a0\u00bb|||\u00a0\u00bb global_colors_info=\u00a0\u00bb{}\u00a0\u00bb custom_padding__hover=\u00a0\u00bb|||\u00a0\u00bb][et_pb_image src=\u00a0\u00bbhttps:\/\/djohar-feddi.fr\/wp-content\/uploads\/2023\/12\/ventouse1.jpg\u00a0\u00bb align_tablet=\u00a0\u00bbcenter\u00a0\u00bb align_phone=\u00a0\u00bbcenter\u00a0\u00bb align_last_edited=\u00a0\u00bbon|desktop\u00a0\u00bb _builder_version=\u00a0\u00bb4.16&Prime; animation_style=\u00a0\u00bbslide\u00a0\u00bb animation_direction=\u00a0\u00bbleft\u00a0\u00bb global_colors_info=\u00a0\u00bb{}\u00a0\u00bb][\/et_pb_image][\/et_pb_column][et_pb_column type=\u00a0\u00bb1_2&Prime; _builder_version=\u00a0\u00bb4.16&Prime; custom_padding=\u00a0\u00bb|||\u00a0\u00bb global_colors_info=\u00a0\u00bb{}\u00a0\u00bb custom_padding__hover=\u00a0\u00bb|||\u00a0\u00bb][et_pb_image src=\u00a0\u00bbhttps:\/\/djohar-feddi.fr\/wp-content\/uploads\/2023\/12\/ventouse2.jpg\u00a0\u00bb align_tablet=\u00a0\u00bbcenter\u00a0\u00bb align_phone=\u00a0\u00bbcenter\u00a0\u00bb align_last_edited=\u00a0\u00bbon|desktop\u00a0\u00bb _builder_version=\u00a0\u00bb4.16&Prime; animation_style=\u00a0\u00bbslide\u00a0\u00bb animation_direction=\u00a0\u00bbright\u00a0\u00bb global_colors_info=\u00a0\u00bb{}\u00a0\u00bb][\/et_pb_image][\/et_pb_column][\/et_pb_row][\/et_pb_section][et_pb_section fb_built=\u00a0\u00bb1&Prime; admin_label=\u00a0\u00bbBODY COPY \/ montserrat\u00a0\u00bb _builder_version=\u00a0\u00bb4.16&Prime; custom_padding=\u00a0\u00bb0|0px|0|0px|false|false\u00a0\u00bb collapsed=\u00a0\u00bbon\u00a0\u00bb global_colors_info=\u00a0\u00bb{}\u00a0\u00bb][et_pb_row _builder_version=\u00a0\u00bb4.16&Prime; custom_padding=\u00a0\u00bb0|0px|26.125px|0px|false|false\u00a0\u00bb collapsed=\u00a0\u00bbon\u00a0\u00bb global_colors_info=\u00a0\u00bb{}\u00a0\u00bb][et_pb_column type=\u00a0\u00bb4_4&Prime; _builder_version=\u00a0\u00bb4.16&Prime; custom_padding=\u00a0\u00bb|||\u00a0\u00bb global_colors_info=\u00a0\u00bb{}\u00a0\u00bb custom_padding__hover=\u00a0\u00bb|||\u00a0\u00bb][et_pb_text _builder_version=\u00a0\u00bb4.16&Prime; custom_padding=\u00a0\u00bb|200px||200px\u00a0\u00bb custom_padding_tablet=\u00a0\u00bb|100px||100px\u00a0\u00bb custom_padding_phone=\u00a0\u00bb|0px||0px\u00a0\u00bb custom_padding_last_edited=\u00a0\u00bbon|desktop\u00a0\u00bb global_colors_info=\u00a0\u00bb{}\u00a0\u00bb]<p class=\"p1\" style=\"text-align: center\"><span class=\"s1\"><span>Le patient ne ressent aucune douleur, seulement une sensation de traction et d\u2019\u00e9chauffement de la peau.<\/span><\/span><\/p>[\/et_pb_text][\/et_pb_column][\/et_pb_row][\/et_pb_section][et_pb_section fb_built=\u00a0\u00bb1&Prime; admin_label=\u00a0\u00bbSection VERBATIM\u00a0\u00bb _builder_version=\u00a0\u00bb4.23.1&Prime; _module_preset=\u00a0\u00bbdefault\u00a0\u00bb custom_padding=\u00a0\u00bb0px||0px|||\u00a0\u00bb collapsed=\u00a0\u00bboff\u00a0\u00bb global_colors_info=\u00a0\u00bb{}\u00a0\u00bb theme_builder_area=\u00a0\u00bbpost_content\u00a0\u00bb][et_pb_row column_structure=\u00a0\u00bb1_2,1_2&Prime; _builder_version=\u00a0\u00bb4.23.1&Prime; _module_preset=\u00a0\u00bbdefault\u00a0\u00bb global_colors_info=\u00a0\u00bb{}\u00a0\u00bb theme_builder_area=\u00a0\u00bbpost_content\u00a0\u00bb][et_pb_column type=\u00a0\u00bb1_2&Prime; _builder_version=\u00a0\u00bb4.23.1&Prime; _module_preset=\u00a0\u00bbdefault\u00a0\u00bb global_colors_info=\u00a0\u00bb{}\u00a0\u00bb theme_builder_area=\u00a0\u00bbpost_content\u00a0\u00bb][et_pb_divider color=\u00a0\u00bb#e41213&Prime; divider_style=\u00a0\u00bbdotted\u00a0\u00bb _builder_version=\u00a0\u00bb4.23.1&Prime; global_colors_info=\u00a0\u00bb{}\u00a0\u00bb theme_builder_area=\u00a0\u00bbpost_content\u00a0\u00bb][\/et_pb_divider][et_pb_text _builder_version=\u00a0\u00bb4.23.1&Prime; text_font=\u00a0\u00bbMontserrat|||on|||||\u00a0\u00bb custom_margin=\u00a0\u00bb0px||||false|false\u00a0\u00bb custom_padding=\u00a0\u00bb0px|20px|0px|20px|false|false\u00a0\u00bb hover_enabled=\u00a0\u00bb0&Prime; global_colors_info=\u00a0\u00bb{}\u00a0\u00bb theme_builder_area=\u00a0\u00bbpost_content\u00a0\u00bb sticky_enabled=\u00a0\u00bb0&Prime;]<p style=\"text-align: center;\"><span>Il existe plusieurs types de \u00ab ventouses \u00bb : <br>certaines sont en verre ou en bambou et on en trouve d\u00e9sormais en plastique. Mais les ventouses dites \u00ab traditionnelles \u00bb restent celles en verre ou en bambou.<\/span><\/p>[\/et_pb_text][et_pb_divider color=\u00a0\u00bb#e41213&Prime; divider_style=\u00a0\u00bbdotted\u00a0\u00bb divider_position=\u00a0\u00bbbottom\u00a0\u00bb _builder_version=\u00a0\u00bb4.23.1&Prime; global_colors_info=\u00a0\u00bb{}\u00a0\u00bb theme_builder_area=\u00a0\u00bbpost_content\u00a0\u00bb][\/et_pb_divider][\/et_pb_column][et_pb_column type=\u00a0\u00bb1_2&Prime; _builder_version=\u00a0\u00bb4.23.1&Prime; _module_preset=\u00a0\u00bbdefault\u00a0\u00bb global_colors_info=\u00a0\u00bb{}\u00a0\u00bb theme_builder_area=\u00a0\u00bbpost_content\u00a0\u00bb][et_pb_divider color=\u00a0\u00bb#e41213&Prime; divider_style=\u00a0\u00bbdotted\u00a0\u00bb _builder_version=\u00a0\u00bb4.23.1&Prime; global_colors_info=\u00a0\u00bb{}\u00a0\u00bb theme_builder_area=\u00a0\u00bbpost_content\u00a0\u00bb][\/et_pb_divider][et_pb_text _builder_version=\u00a0\u00bb4.23.1&Prime; text_font=\u00a0\u00bbMontserrat|||on|||||\u00a0\u00bb custom_margin=\u00a0\u00bb0px||||false|false\u00a0\u00bb custom_padding=\u00a0\u00bb15px|20px|10px|20px|false|false\u00a0\u00bb hover_enabled=\u00a0\u00bb0&Prime; global_colors_info=\u00a0\u00bb{}\u00a0\u00bb theme_builder_area=\u00a0\u00bbpost_content\u00a0\u00bb sticky_enabled=\u00a0\u00bb0&Prime;]<p style=\"text-align: center;\"><span>Si vous \u00eates sujet(te) aux bleus, appliquez un m\u00e9lange de quelques gouttes d&rsquo;huile essentielle d&rsquo;h\u00e9licryse italienne associ\u00e9es \u00e0 une huile v\u00e9g\u00e9tale sur les zones o\u00f9 les ventouses ont \u00e9t\u00e9 appliqu\u00e9es.\u00a0<\/span><\/p>[\/et_pb_text][et_pb_divider color=\u00a0\u00bb#e41213&Prime; divider_style=\u00a0\u00bbdotted\u00a0\u00bb divider_position=\u00a0\u00bbbottom\u00a0\u00bb _builder_version=\u00a0\u00bb4.23.1&Prime; global_colors_info=\u00a0\u00bb{}\u00a0\u00bb theme_builder_area=\u00a0\u00bbpost_content\u00a0\u00bb][\/et_pb_divider][\/et_pb_column][\/et_pb_row][\/et_pb_section][et_pb_section fb_built=\u00a0\u00bb1&Prime; admin_label=\u00a0\u00bbBANDEAU CONTACT\u00a0\u00bb _builder_version=\u00a0\u00bb4.16&Prime; custom_padding=\u00a0\u00bb0|0px|50px|0px|false|false\u00a0\u00bb collapsed=\u00a0\u00bbon\u00a0\u00bb global_colors_info=\u00a0\u00bb{}\u00a0\u00bb][et_pb_row admin_label=\u00a0\u00bbC T A\u00a0\u00bb _builder_version=\u00a0\u00bb4.16&Prime; custom_padding=\u00a0\u00bb0|0px|0|0px|false|false\u00a0\u00bb global_colors_info=\u00a0\u00bb{}\u00a0\u00bb][et_pb_column type=\u00a0\u00bb4_4&Prime; _builder_version=\u00a0\u00bb4.16&Prime; custom_padding=\u00a0\u00bb|||\u00a0\u00bb global_colors_info=\u00a0\u00bb{}\u00a0\u00bb custom_padding__hover=\u00a0\u00bb|||\u00a0\u00bb][et_pb_cta title=\u00a0\u00bbPour prendre rendez-vous, appelez-moi au 06 15 57 72 97&Prime; _builder_version=\u00a0\u00bb4.23.1&Prime; header_font=\u00a0\u00bbMontserrat|600||on|||||\u00a0\u00bb header_text_align=\u00a0\u00bbcenter\u00a0\u00bb header_font_size=\u00a0\u00bb22px\u00a0\u00bb header_line_height=\u00a0\u00bb1.2em\u00a0\u00bb background_color=\u00a0\u00bb#dabb71&Prime; background_image=\u00a0\u00bbhttps:\/\/djohar-feddi.fr\/wp-content\/uploads\/2023\/12\/gabriel-jimenez-150063-unsplash-4-scaled.jpg\u00a0\u00bb custom_padding=\u00a0\u00bb58px|||\u00a0\u00bb global_colors_info=\u00a0\u00bb{}\u00a0\u00bb button_text_size__hover_enabled=\u00a0\u00bboff\u00a0\u00bb button_one_text_size__hover_enabled=\u00a0\u00bboff\u00a0\u00bb button_two_text_size__hover_enabled=\u00a0\u00bboff\u00a0\u00bb button_text_color__hover_enabled=\u00a0\u00bboff\u00a0\u00bb button_one_text_color__hover_enabled=\u00a0\u00bboff\u00a0\u00bb button_two_text_color__hover_enabled=\u00a0\u00bboff\u00a0\u00bb button_border_width__hover_enabled=\u00a0\u00bboff\u00a0\u00bb button_one_border_width__hover_enabled=\u00a0\u00bboff\u00a0\u00bb button_two_border_width__hover_enabled=\u00a0\u00bboff\u00a0\u00bb button_border_color__hover_enabled=\u00a0\u00bboff\u00a0\u00bb button_one_border_color__hover_enabled=\u00a0\u00bboff\u00a0\u00bb button_two_border_color__hover_enabled=\u00a0\u00bboff\u00a0\u00bb button_border_radius__hover_enabled=\u00a0\u00bboff\u00a0\u00bb button_one_border_radius__hover_enabled=\u00a0\u00bboff\u00a0\u00bb button_two_border_radius__hover_enabled=\u00a0\u00bboff\u00a0\u00bb button_letter_spacing__hover_enabled=\u00a0\u00bboff\u00a0\u00bb button_one_letter_spacing__hover_enabled=\u00a0\u00bboff\u00a0\u00bb button_two_letter_spacing__hover_enabled=\u00a0\u00bboff\u00a0\u00bb button_bg_color__hover_enabled=\u00a0\u00bboff\u00a0\u00bb button_one_bg_color__hover_enabled=\u00a0\u00bboff\u00a0\u00bb button_two_bg_color__hover_enabled=\u00a0\u00bboff\u00a0\u00bb][\/et_pb_cta][\/et_pb_column][\/et_pb_row][\/et_pb_section]\n","protected":false},"excerpt":{"rendered":"<p>les ventouses.Une m\u00e9thode ancestraleElles font partie int\u00e9grante de\u00a0L&rsquo;Energ\u00e9tique Traditionnelle Chinoise et existent depuis la haute antiquit\u00e9. Elles sont utilis\u00e9es pour chasser les facteurs pathog\u00e8nes externes comme le froid, l&rsquo; humidit\u00e9 ou la chaleur, ainsi que pour am\u00e9liorer et acc\u00e9l\u00e9rer la circulation du sang et du Qi.Elles sont appliqu\u00e9es sur des points d\u2019acupuncture qui correspondent aux [&hellip;]<\/p>\n","protected":false},"author":1,"featured_media":0,"parent":0,"menu_order":0,"comment_status":"closed","ping_status":"closed","template":"","meta":{"_et_pb_use_builder":"on","_et_pb_old_content":"<!-- wp:divi\/placeholder \/-->","_et_gb_content_width":"","footnotes":""},"yoast_head":"<!-- This site is optimized with the Yoast SEO plugin v21.7 - https:\/\/yoast.com\/wordpress\/plugins\/seo\/ -->\n<title>Ventouses - Djohar Feddi - Energ\u00e9tique Traditionnelle Chinoise<\/title>\n<meta name=\"description\" content=\"Les ventouses sont utilis\u00e9es pour chasser les facteurs pathog\u00e8nes externes comme le froid, l\u2019 humidit\u00e9 ou la chaleur, ainsi que pour am\u00e9liorer et acc\u00e9l\u00e9rer la circulation du sang et du Qi.\" \/>\n<meta name=\"robots\" content=\"index, follow, max-snippet:-1, max-image-preview:large, max-video-preview:-1\" \/>\n<link rel=\"canonical\" href=\"https:\/\/djohar-feddi.fr\/index.php\/ventouses\/\" \/>\n<meta property=\"og:locale\" content=\"fr_FR\" \/>\n<meta property=\"og:type\" content=\"article\" \/>\n<meta property=\"og:title\" content=\"Ventouses - Djohar Feddi - Energ\u00e9tique Traditionnelle Chinoise\" \/>\n<meta property=\"og:description\" content=\"Les ventouses sont utilis\u00e9es pour chasser les facteurs pathog\u00e8nes externes comme le froid, l\u2019 humidit\u00e9 ou la chaleur, ainsi que pour am\u00e9liorer et acc\u00e9l\u00e9rer la circulation du sang et du Qi.\" \/>\n<meta property=\"og:url\" content=\"https:\/\/djohar-feddi.fr\/index.php\/ventouses\/\" \/>\n<meta property=\"og:site_name\" content=\"Djohar Feddi - Energ\u00e9tique Traditionnelle Chinoise\" \/>\n<meta property=\"article:modified_time\" content=\"2023-12-18T15:29:12+00:00\" \/>\n<meta property=\"og:image\" content=\"https:\/\/djohar-feddi.fr\/wp-content\/uploads\/2023\/12\/logoV2.jpg\" \/>\n\t<meta property=\"og:image:width\" content=\"1501\" \/>\n\t<meta property=\"og:image:height\" content=\"769\" \/>\n\t<meta property=\"og:image:type\" content=\"image\/jpeg\" \/>\n<meta name=\"twitter:card\" content=\"summary_large_image\" \/>\n<meta name=\"twitter:label1\" content=\"Dur\u00e9e de lecture estim\u00e9e\" \/>\n\t<meta name=\"twitter:data1\" content=\"2 minutes\" \/>\n<script type=\"application\/ld+json\" class=\"yoast-schema-graph\">{\"@context\":\"https:\/\/schema.org\",\"@graph\":[{\"@type\":\"WebPage\",\"@id\":\"https:\/\/djohar-feddi.fr\/index.php\/ventouses\/\",\"url\":\"https:\/\/djohar-feddi.fr\/index.php\/ventouses\/\",\"name\":\"Ventouses - Djohar Feddi - Energ\u00e9tique Traditionnelle Chinoise\",\"isPartOf\":{\"@id\":\"https:\/\/djohar-feddi.fr\/#website\"},\"datePublished\":\"2023-12-11T17:17:21+00:00\",\"dateModified\":\"2023-12-18T15:29:12+00:00\",\"description\":\"Les ventouses sont utilis\u00e9es pour chasser les facteurs pathog\u00e8nes externes comme le froid, l\u2019 humidit\u00e9 ou la chaleur, ainsi que pour am\u00e9liorer et acc\u00e9l\u00e9rer la circulation du sang et du Qi.\",\"breadcrumb\":{\"@id\":\"https:\/\/djohar-feddi.fr\/index.php\/ventouses\/#breadcrumb\"},\"inLanguage\":\"fr-FR\",\"potentialAction\":[{\"@type\":\"ReadAction\",\"target\":[\"https:\/\/djohar-feddi.fr\/index.php\/ventouses\/\"]}]},{\"@type\":\"BreadcrumbList\",\"@id\":\"https:\/\/djohar-feddi.fr\/index.php\/ventouses\/#breadcrumb\",\"itemListElement\":[{\"@type\":\"ListItem\",\"position\":1,\"name\":\"Accueil\",\"item\":\"https:\/\/djohar-feddi.fr\/\"},{\"@type\":\"ListItem\",\"position\":2,\"name\":\"Ventouses\"}]},{\"@type\":\"WebSite\",\"@id\":\"https:\/\/djohar-feddi.fr\/#website\",\"url\":\"https:\/\/djohar-feddi.fr\/\",\"name\":\"Djohar Feddi - Energ\u00e9tique Traditionnelle Chinoise\",\"description\":\"Energ\u00e9tique Traditionnelle Chinoise\",\"publisher\":{\"@id\":\"https:\/\/djohar-feddi.fr\/#\/schema\/person\/7ac2f875614c3fd36ca68956fd995263\"},\"potentialAction\":[{\"@type\":\"SearchAction\",\"target\":{\"@type\":\"EntryPoint\",\"urlTemplate\":\"https:\/\/djohar-feddi.fr\/?s={search_term_string}\"},\"query-input\":\"required name=search_term_string\"}],\"inLanguage\":\"fr-FR\"},{\"@type\":[\"Person\",\"Organization\"],\"@id\":\"https:\/\/djohar-feddi.fr\/#\/schema\/person\/7ac2f875614c3fd36ca68956fd995263\",\"name\":\"DJOHAR FEDDI\",\"image\":{\"@type\":\"ImageObject\",\"inLanguage\":\"fr-FR\",\"@id\":\"https:\/\/djohar-feddi.fr\/#\/schema\/person\/image\/\",\"url\":\"https:\/\/djohar-feddi.fr\/wp-content\/uploads\/2023\/12\/logoV2.jpg\",\"contentUrl\":\"https:\/\/djohar-feddi.fr\/wp-content\/uploads\/2023\/12\/logoV2.jpg\",\"width\":1501,\"height\":769,\"caption\":\"DJOHAR FEDDI\"},\"logo\":{\"@id\":\"https:\/\/djohar-feddi.fr\/#\/schema\/person\/image\/\"},\"sameAs\":[\"http:\/\/djohar-feddi.fr\"]}]}<\/script>\n<!-- \/ Yoast SEO plugin. -->","yoast_head_json":{"title":"Ventouses - Djohar Feddi - Energ\u00e9tique Traditionnelle Chinoise","description":"Les ventouses sont utilis\u00e9es pour chasser les facteurs pathog\u00e8nes externes comme le froid, l\u2019 humidit\u00e9 ou la chaleur, ainsi que pour am\u00e9liorer et acc\u00e9l\u00e9rer la circulation du sang et du Qi.","robots":{"index":"index","follow":"follow","max-snippet":"max-snippet:-1","max-image-preview":"max-image-preview:large","max-video-preview":"max-video-preview:-1"},"canonical":"https:\/\/djohar-feddi.fr\/index.php\/ventouses\/","og_locale":"fr_FR","og_type":"article","og_title":"Ventouses - Djohar Feddi - Energ\u00e9tique Traditionnelle Chinoise","og_description":"Les ventouses sont utilis\u00e9es pour chasser les facteurs pathog\u00e8nes externes comme le froid, l\u2019 humidit\u00e9 ou la chaleur, ainsi que pour am\u00e9liorer et acc\u00e9l\u00e9rer la circulation du sang et du Qi.","og_url":"https:\/\/djohar-feddi.fr\/index.php\/ventouses\/","og_site_name":"Djohar Feddi - Energ\u00e9tique Traditionnelle Chinoise","article_modified_time":"2023-12-18T15:29:12+00:00","og_image":[{"width":1501,"height":769,"url":"https:\/\/djohar-feddi.fr\/wp-content\/uploads\/2023\/12\/logoV2.jpg","type":"image\/jpeg"}],"twitter_card":"summary_large_image","twitter_misc":{"Dur\u00e9e de lecture estim\u00e9e":"2 minutes"},"schema":{"@context":"https:\/\/schema.org","@graph":[{"@type":"WebPage","@id":"https:\/\/djohar-feddi.fr\/index.php\/ventouses\/","url":"https:\/\/djohar-feddi.fr\/index.php\/ventouses\/","name":"Ventouses - Djohar Feddi - Energ\u00e9tique Traditionnelle Chinoise","isPartOf":{"@id":"https:\/\/djohar-feddi.fr\/#website"},"datePublished":"2023-12-11T17:17:21+00:00","dateModified":"2023-12-18T15:29:12+00:00","description":"Les ventouses sont utilis\u00e9es pour chasser les facteurs pathog\u00e8nes externes comme le froid, l\u2019 humidit\u00e9 ou la chaleur, ainsi que pour am\u00e9liorer et acc\u00e9l\u00e9rer la circulation du sang et du Qi.","breadcrumb":{"@id":"https:\/\/djohar-feddi.fr\/index.php\/ventouses\/#breadcrumb"},"inLanguage":"fr-FR","potentialAction":[{"@type":"ReadAction","target":["https:\/\/djohar-feddi.fr\/index.php\/ventouses\/"]}]},{"@type":"BreadcrumbList","@id":"https:\/\/djohar-feddi.fr\/index.php\/ventouses\/#breadcrumb","itemListElement":[{"@type":"ListItem","position":1,"name":"Accueil","item":"https:\/\/djohar-feddi.fr\/"},{"@type":"ListItem","position":2,"name":"Ventouses"}]},{"@type":"WebSite","@id":"https:\/\/djohar-feddi.fr\/#website","url":"https:\/\/djohar-feddi.fr\/","name":"Djohar Feddi - Energ\u00e9tique Traditionnelle Chinoise","description":"Energ\u00e9tique Traditionnelle Chinoise","publisher":{"@id":"https:\/\/djohar-feddi.fr\/#\/schema\/person\/7ac2f875614c3fd36ca68956fd995263"},"potentialAction":[{"@type":"SearchAction","target":{"@type":"EntryPoint","urlTemplate":"https:\/\/djohar-feddi.fr\/?s={search_term_string}"},"query-input":"required name=search_term_string"}],"inLanguage":"fr-FR"},{"@type":["Person","Organization"],"@id":"https:\/\/djohar-feddi.fr\/#\/schema\/person\/7ac2f875614c3fd36ca68956fd995263","name":"DJOHAR FEDDI","image":{"@type":"ImageObject","inLanguage":"fr-FR","@id":"https:\/\/djohar-feddi.fr\/#\/schema\/person\/image\/","url":"https:\/\/djohar-feddi.fr\/wp-content\/uploads\/2023\/12\/logoV2.jpg","contentUrl":"https:\/\/djohar-feddi.fr\/wp-content\/uploads\/2023\/12\/logoV2.jpg","width":1501,"height":769,"caption":"DJOHAR FEDDI"},"logo":{"@id":"https:\/\/djohar-feddi.fr\/#\/schema\/person\/image\/"},"sameAs":["http:\/\/djohar-feddi.fr"]}]}},"_links":{"self":[{"href":"https:\/\/djohar-feddi.fr\/index.php\/wp-json\/wp\/v2\/pages\/48"}],"collection":[{"href":"https:\/\/djohar-feddi.fr\/index.php\/wp-json\/wp\/v2\/pages"}],"about":[{"href":"https:\/\/djohar-feddi.fr\/index.php\/wp-json\/wp\/v2\/types\/page"}],"author":[{"embeddable":true,"href":"https:\/\/djohar-feddi.fr\/index.php\/wp-json\/wp\/v2\/users\/1"}],"replies":[{"embeddable":true,"href":"https:\/\/djohar-feddi.fr\/index.php\/wp-json\/wp\/v2\/comments?post=48"}],"version-history":[{"count":10,"href":"https:\/\/djohar-feddi.fr\/index.php\/wp-json\/wp\/v2\/pages\/48\/revisions"}],"predecessor-version":[{"id":291,"href":"https:\/\/djohar-feddi.fr\/index.php\/wp-json\/wp\/v2\/pages\/48\/revisions\/291"}],"wp:attachment":[{"href":"https:\/\/djohar-feddi.fr\/index.php\/wp-json\/wp\/v2\/media?parent=48"}],"curies":[{"name":"wp","href":"https:\/\/api.w.org\/{rel}","templated":true}]}}